{"id":4072,"date":"2026-04-20T14:41:32","date_gmt":"2026-04-20T11:41:32","guid":{"rendered":"https:\/\/ir.bilkent.edu.tr\/?page_id=4072"},"modified":"2026-04-20T16:24:04","modified_gmt":"2026-04-20T13:24:04","slug":"recent-phd-graduates","status":"publish","type":"page","link":"https:\/\/ir.bilkent.edu.tr\/?page_id=4072","title":{"rendered":"Recent PhD Graduates"},"content":{"rendered":"\n<div class=\"wp-block-media-text alignwide is-stacked-on-mobile\" style=\"grid-template-columns:23% auto\"><figure class=\"wp-block-media-text__media\"><img decoding=\"async\" loading=\"lazy\" width=\"630\" height=\"756\" src=\"https:\/\/ir.bilkent.edu.tr\/wp-content\/uploads\/2023\/04\/Foto-volkan-imamoglu-.jpeg\" alt=\"\" class=\"wp-image-868 size-full\" srcset=\"https:\/\/ir.bilkent.edu.tr\/wp-content\/uploads\/2023\/04\/Foto-volkan-imamoglu-.jpeg 630w, https:\/\/ir.bilkent.edu.tr\/wp-content\/uploads\/2023\/04\/Foto-volkan-imamoglu--250x300.jpeg 250w\" sizes=\"(max-width: 630px) 100vw, 630px\" \/><\/figure><div class=\"wp-block-media-text__content\">\n<p><strong>Ali Volkan \u0130mamo\u011flu<\/strong><\/p>\n<\/div><\/div>\n\n\n\n<div style=\"height:100px\" aria-hidden=\"true\" class=\"wp-block-spacer\"><\/div>\n\n\n\n<div class=\"wp-block-media-text alignwide is-stacked-on-mobile\" style=\"grid-template-columns:22% auto\"><figure class=\"wp-block-media-text__media\"><img decoding=\"async\" loading=\"lazy\" width=\"685\" height=\"1024\" src=\"https:\/\/ir.bilkent.edu.tr\/wp-content\/uploads\/2023\/04\/lacin-artikoglu.jpeg\" alt=\"\" class=\"wp-image-875 size-full\" srcset=\"https:\/\/ir.bilkent.edu.tr\/wp-content\/uploads\/2023\/04\/lacin-artikoglu.jpeg 685w, https:\/\/ir.bilkent.edu.tr\/wp-content\/uploads\/2023\/04\/lacin-artikoglu-201x300.jpeg 201w\" sizes=\"(max-width: 685px) 100vw, 685px\" \/><\/figure><div class=\"wp-block-media-text__content\">\n<p><strong>Ayg\u00fcl La\u00e7in Art\u0131ko\u011flu Uygunt\u00fcrk<\/strong><\/p>\n<\/div><\/div>\n\n\n\n<div style=\"height:100px\" aria-hidden=\"true\" class=\"wp-block-spacer\"><\/div>\n\n\n\n<div class=\"is-layout-flex wp-container-9 wp-block-columns alignwide are-vertically-aligned-top\">\n<div class=\"is-layout-flow wp-block-column is-vertically-aligned-top\" style=\"flex-basis:22%\">\n<figure class=\"wp-block-image\"><img decoding=\"async\" loading=\"lazy\" width=\"1024\" height=\"683\" src=\"https:\/\/ir.bilkent.edu.tr\/wp-content\/uploads\/2023\/04\/IMG_3859-1024x683.jpg\" alt=\"\" class=\"wp-image-886\" srcset=\"https:\/\/ir.bilkent.edu.tr\/wp-content\/uploads\/2023\/04\/IMG_3859-1024x683.jpg 1024w, https:\/\/ir.bilkent.edu.tr\/wp-content\/uploads\/2023\/04\/IMG_3859-300x200.jpg 300w, https:\/\/ir.bilkent.edu.tr\/wp-content\/uploads\/2023\/04\/IMG_3859-768x512.jpg 768w, https:\/\/ir.bilkent.edu.tr\/wp-content\/uploads\/2023\/04\/IMG_3859-1536x1024.jpg 1536w, https:\/\/ir.bilkent.edu.tr\/wp-content\/uploads\/2023\/04\/IMG_3859-2048x1365.jpg 2048w\" sizes=\"(max-width: 1024px) 100vw, 1024px\" \/><\/figure>\n<\/div>\n\n\n\n<div class=\"is-layout-flow wp-block-column is-vertically-aligned-top\" style=\"flex-basis:78%\">\n<p><strong>Mehmet \u00c7a\u011fatay G\u00fcler<\/strong><\/p>\n\n\n\n<p>Mehmet \u00c7a\u011fatay G\u00fcler graduated from the International Relations Department at Hacettepe University. He has also received an education in Political Science and International Relations at Sapienza University of Rome, Italy. He completed his master&#8217;s degree in Eurasian Studies at Middle East Technical University with top honors. G\u00fcler has conducted research for his master&#8217;s thesis in the Department of Social Sciences at Hamburg University. He completed his Ph.D. at Bilkent University&#8217;s Department of International Relations (2026). He served for two years at the National Defence University, Turkish Military Academy; teaching courses on the Russian Federation, Introduction to International Relations, and Turkish Geopolitics. During this time, he participated in two courses conducted under the auspices of NATO (Counter-Terrorism and Civil-Military Cooperation). Dr. G\u00fcler is currently working at the National Intelligence Academy of T\u00fcrkiye. His academic and other works have been published in Turkish, English, and Arabic. He is fluent in English and has intermediate proficiency in Russian and Italian.<\/p>\n\n\n\n<p><strong>Dissertation Title:<\/strong> Glory to Motherland: Putin\u2019s Grand Strategy<\/p>\n\n\n\n<p><strong>Supervisor:<\/strong> A. Tudor Onea<\/p>\n\n\n\n<p><strong>Graduation Year:<\/strong> 2026<\/p>\n\n\n\n<p><strong>Affiliation: <\/strong><a href=\"https:\/\/mia.edu.tr\/sayfa-akademik-kadro-47.html\" data-type=\"URL\" data-id=\"https:\/\/mia.edu.tr\/sayfa-akademik-kadro-47.html\" target=\"_blank\" rel=\"noreferrer noopener\">National Intelligence Academy<\/a> (Mill\u00ee \u0130stihbarat Akademisi)<\/p>\n\n\n\n<p><strong>Research Interests:<\/strong> Russia, Strategic Studies, Grand Strategy<\/p>\n\n\n\n<p><strong>Contact: <\/strong><\/p>\n\n\n\n<ul class=\"is-layout-flex wp-block-social-links\"><li class=\"wp-social-link wp-social-link-chain wp-block-social-link\"><a href=\"https:\/\/scholar.google.com\/citations?user=LHaA3HQAAAAJ&#038;hl=en\"  class=\"wp-block-social-link-anchor\"><svg width=\"24\" height=\"24\" viewBox=\"0 0 24 24\" version=\"1.1\" xmlns=\"http:\/\/www.w3.org\/2000\/svg\" aria-hidden=\"true\" focusable=\"false\"><path d=\"M19.647,16.706a1.134,1.134,0,0,0-.343-.833l-2.549-2.549a1.134,1.134,0,0,0-.833-.343,1.168,1.168,0,0,0-.883.392l.233.226q.2.189.264.264a2.922,2.922,0,0,1,.184.233.986.986,0,0,1,.159.312,1.242,1.242,0,0,1,.043.337,1.172,1.172,0,0,1-1.176,1.176,1.237,1.237,0,0,1-.337-.043,1,1,0,0,1-.312-.159,2.76,2.76,0,0,1-.233-.184q-.073-.068-.264-.264l-.226-.233a1.19,1.19,0,0,0-.4.895,1.134,1.134,0,0,0,.343.833L15.837,19.3a1.13,1.13,0,0,0,.833.331,1.18,1.18,0,0,0,.833-.318l1.8-1.789a1.12,1.12,0,0,0,.343-.821Zm-8.615-8.64a1.134,1.134,0,0,0-.343-.833L8.163,4.7a1.134,1.134,0,0,0-.833-.343,1.184,1.184,0,0,0-.833.331L4.7,6.473a1.12,1.12,0,0,0-.343.821,1.134,1.134,0,0,0,.343.833l2.549,2.549a1.13,1.13,0,0,0,.833.331,1.184,1.184,0,0,0,.883-.38L8.728,10.4q-.2-.189-.264-.264A2.922,2.922,0,0,1,8.28,9.9a.986.986,0,0,1-.159-.312,1.242,1.242,0,0,1-.043-.337A1.172,1.172,0,0,1,9.254,8.079a1.237,1.237,0,0,1,.337.043,1,1,0,0,1,.312.159,2.761,2.761,0,0,1,.233.184q.073.068.264.264l.226.233a1.19,1.19,0,0,0,.4-.895ZM22,16.706a3.343,3.343,0,0,1-1.042,2.488l-1.8,1.789a3.536,3.536,0,0,1-4.988-.025l-2.525-2.537a3.384,3.384,0,0,1-1.017-2.488,3.448,3.448,0,0,1,1.078-2.561l-1.078-1.078a3.434,3.434,0,0,1-2.549,1.078,3.4,3.4,0,0,1-2.5-1.029L3.029,9.794A3.4,3.4,0,0,1,2,7.294,3.343,3.343,0,0,1,3.042,4.806l1.8-1.789A3.384,3.384,0,0,1,7.331,2a3.357,3.357,0,0,1,2.5,1.042l2.525,2.537a3.384,3.384,0,0,1,1.017,2.488,3.448,3.448,0,0,1-1.078,2.561l1.078,1.078a3.551,3.551,0,0,1,5.049-.049l2.549,2.549A3.4,3.4,0,0,1,22,16.706Z\"><\/path><\/svg><span class=\"wp-block-social-link-label screen-reader-text\">Link<\/span><\/a><\/li>\n\n<li class=\"wp-social-link wp-social-link-twitter wp-block-social-link\"><a href=\"https:\/\/x.com\/mehmetcagatayg\"  class=\"wp-block-social-link-anchor\"><svg width=\"24\" height=\"24\" viewBox=\"0 0 24 24\" version=\"1.1\" xmlns=\"http:\/\/www.w3.org\/2000\/svg\" aria-hidden=\"true\" focusable=\"false\"><path d=\"M22.23,5.924c-0.736,0.326-1.527,0.547-2.357,0.646c0.847-0.508,1.498-1.312,1.804-2.27 c-0.793,0.47-1.671,0.812-2.606,0.996C18.324,4.498,17.257,4,16.077,4c-2.266,0-4.103,1.837-4.103,4.103 c0,0.322,0.036,0.635,0.106,0.935C8.67,8.867,5.647,7.234,3.623,4.751C3.27,5.357,3.067,6.062,3.067,6.814 c0,1.424,0.724,2.679,1.825,3.415c-0.673-0.021-1.305-0.206-1.859-0.513c0,0.017,0,0.034,0,0.052c0,1.988,1.414,3.647,3.292,4.023 c-0.344,0.094-0.707,0.144-1.081,0.144c-0.264,0-0.521-0.026-0.772-0.074c0.522,1.63,2.038,2.816,3.833,2.85 c-1.404,1.1-3.174,1.756-5.096,1.756c-0.331,0-0.658-0.019-0.979-0.057c1.816,1.164,3.973,1.843,6.29,1.843 c7.547,0,11.675-6.252,11.675-11.675c0-0.178-0.004-0.355-0.012-0.531C20.985,7.47,21.68,6.747,22.23,5.924z\"><\/path><\/svg><span class=\"wp-block-social-link-label screen-reader-text\">Twitter<\/span><\/a><\/li>\n\n<li class=\"wp-social-link wp-social-link-chain wp-block-social-link\"><a href=\"https:\/\/www.researchgate.net\/profile\/Mehmet-Gueler\/research\"  class=\"wp-block-social-link-anchor\"><svg width=\"24\" height=\"24\" viewBox=\"0 0 24 24\" version=\"1.1\" xmlns=\"http:\/\/www.w3.org\/2000\/svg\" aria-hidden=\"true\" focusable=\"false\"><path d=\"M19.647,16.706a1.134,1.134,0,0,0-.343-.833l-2.549-2.549a1.134,1.134,0,0,0-.833-.343,1.168,1.168,0,0,0-.883.392l.233.226q.2.189.264.264a2.922,2.922,0,0,1,.184.233.986.986,0,0,1,.159.312,1.242,1.242,0,0,1,.043.337,1.172,1.172,0,0,1-1.176,1.176,1.237,1.237,0,0,1-.337-.043,1,1,0,0,1-.312-.159,2.76,2.76,0,0,1-.233-.184q-.073-.068-.264-.264l-.226-.233a1.19,1.19,0,0,0-.4.895,1.134,1.134,0,0,0,.343.833L15.837,19.3a1.13,1.13,0,0,0,.833.331,1.18,1.18,0,0,0,.833-.318l1.8-1.789a1.12,1.12,0,0,0,.343-.821Zm-8.615-8.64a1.134,1.134,0,0,0-.343-.833L8.163,4.7a1.134,1.134,0,0,0-.833-.343,1.184,1.184,0,0,0-.833.331L4.7,6.473a1.12,1.12,0,0,0-.343.821,1.134,1.134,0,0,0,.343.833l2.549,2.549a1.13,1.13,0,0,0,.833.331,1.184,1.184,0,0,0,.883-.38L8.728,10.4q-.2-.189-.264-.264A2.922,2.922,0,0,1,8.28,9.9a.986.986,0,0,1-.159-.312,1.242,1.242,0,0,1-.043-.337A1.172,1.172,0,0,1,9.254,8.079a1.237,1.237,0,0,1,.337.043,1,1,0,0,1,.312.159,2.761,2.761,0,0,1,.233.184q.073.068.264.264l.226.233a1.19,1.19,0,0,0,.4-.895ZM22,16.706a3.343,3.343,0,0,1-1.042,2.488l-1.8,1.789a3.536,3.536,0,0,1-4.988-.025l-2.525-2.537a3.384,3.384,0,0,1-1.017-2.488,3.448,3.448,0,0,1,1.078-2.561l-1.078-1.078a3.434,3.434,0,0,1-2.549,1.078,3.4,3.4,0,0,1-2.5-1.029L3.029,9.794A3.4,3.4,0,0,1,2,7.294,3.343,3.343,0,0,1,3.042,4.806l1.8-1.789A3.384,3.384,0,0,1,7.331,2a3.357,3.357,0,0,1,2.5,1.042l2.525,2.537a3.384,3.384,0,0,1,1.017,2.488,3.448,3.448,0,0,1-1.078,2.561l1.078,1.078a3.551,3.551,0,0,1,5.049-.049l2.549,2.549A3.4,3.4,0,0,1,22,16.706Z\"><\/path><\/svg><span class=\"wp-block-social-link-label screen-reader-text\">Link<\/span><\/a><\/li><\/ul>\n\n\n\n<div class=\"is-layout-flex wp-container-7 wp-block-columns\">\n<div class=\"is-layout-flow wp-block-column\">\n<div class=\"is-layout-constrained wp-block-group\"><div class=\"wp-block-group__inner-container\">\n<div class=\"is-layout-flex wp-container-4 wp-block-columns\">\n<div class=\"is-layout-flow wp-block-column\" style=\"flex-basis:100%\"><\/div>\n<\/div>\n<\/div><\/div>\n<\/div>\n<\/div>\n<\/div>\n<\/div>\n","protected":false},"excerpt":{"rendered":"<p>Ali Volkan \u0130mamo\u011flu Ayg\u00fcl La\u00e7in Art\u0131ko\u011flu Uygunt\u00fcrk Mehmet \u00c7a\u011fatay G\u00fcler Mehmet \u00c7a\u011fatay G\u00fcler graduated from the International Relations Department at Hacettepe University. He has also received an education in Political Science and International Relations at Sapienza University of Rome, Italy. He completed his master&#8217;s degree in Eurasian Studies at Middle East Technical University with top&hellip;<\/p>\n","protected":false},"author":1,"featured_media":0,"parent":0,"menu_order":0,"comment_status":"closed","ping_status":"closed","template":"","meta":[],"_links":{"self":[{"href":"https:\/\/ir.bilkent.edu.tr\/index.php?rest_route=\/wp\/v2\/pages\/4072"}],"collection":[{"href":"https:\/\/ir.bilkent.edu.tr\/index.php?rest_route=\/wp\/v2\/pages"}],"about":[{"href":"https:\/\/ir.bilkent.edu.tr\/index.php?rest_route=\/wp\/v2\/types\/page"}],"author":[{"embeddable":true,"href":"https:\/\/ir.bilkent.edu.tr\/index.php?rest_route=\/wp\/v2\/users\/1"}],"replies":[{"embeddable":true,"href":"https:\/\/ir.bilkent.edu.tr\/index.php?rest_route=%2Fwp%2Fv2%2Fcomments&post=4072"}],"version-history":[{"count":7,"href":"https:\/\/ir.bilkent.edu.tr\/index.php?rest_route=\/wp\/v2\/pages\/4072\/revisions"}],"predecessor-version":[{"id":4085,"href":"https:\/\/ir.bilkent.edu.tr\/index.php?rest_route=\/wp\/v2\/pages\/4072\/revisions\/4085"}],"wp:attachment":[{"href":"https:\/\/ir.bilkent.edu.tr\/index.php?rest_route=%2Fwp%2Fv2%2Fmedia&parent=4072"}],"curies":[{"name":"wp","href":"https:\/\/api.w.org\/{rel}","templated":true}]}}