{"id":4061,"date":"2026-04-15T13:19:44","date_gmt":"2026-04-15T10:19:44","guid":{"rendered":"https:\/\/ir.bilkent.edu.tr\/?page_id=4061"},"modified":"2026-04-15T13:19:45","modified_gmt":"2026-04-15T10:19:45","slug":"bilkent-ir-talk-akin-unver","status":"publish","type":"page","link":"https:\/\/ir.bilkent.edu.tr\/?page_id=4061","title":{"rendered":"Bilkent IR Talk &#8211; Ak\u0131n Unver"},"content":{"rendered":"\n<p><strong>Title:<\/strong>\u00a0Introducing the EU Foreign Interference Dataset: AI-Assisted, Machine-Readable Ontology for Multilingual FIMI Attributions<\/p>\n\n\n\n<p><strong>Speaker:\u00a0<\/strong>Ak\u0131n \u00dcnver (\u00d6zye\u011fin University)<\/p>\n\n\n\n<p><strong>Date and Time:<\/strong>\u00a016 April 2026, Thursday, 12:30-13:30<\/p>\n\n\n\n<p><strong>Place:&nbsp;<\/strong>A130 Seminar Room<\/p>\n","protected":false},"excerpt":{"rendered":"<p>Title:\u00a0Introducing the EU Foreign Interference Dataset: AI-Assisted, Machine-Readable Ontology for Multilingual FIMI Attributions Speaker:\u00a0Ak\u0131n \u00dcnver (\u00d6zye\u011fin University) Date and Time:\u00a016 April 2026, Thursday, 12:30-13:30 Place:&nbsp;A130 Seminar Room<\/p>\n","protected":false},"author":1,"featured_media":4062,"parent":0,"menu_order":0,"comment_status":"closed","ping_status":"closed","template":"","meta":[],"_links":{"self":[{"href":"https:\/\/ir.bilkent.edu.tr\/index.php?rest_route=\/wp\/v2\/pages\/4061"}],"collection":[{"href":"https:\/\/ir.bilkent.edu.tr\/index.php?rest_route=\/wp\/v2\/pages"}],"about":[{"href":"https:\/\/ir.bilkent.edu.tr\/index.php?rest_route=\/wp\/v2\/types\/page"}],"author":[{"embeddable":true,"href":"https:\/\/ir.bilkent.edu.tr\/index.php?rest_route=\/wp\/v2\/users\/1"}],"replies":[{"embeddable":true,"href":"https:\/\/ir.bilkent.edu.tr\/index.php?rest_route=%2Fwp%2Fv2%2Fcomments&post=4061"}],"version-history":[{"count":1,"href":"https:\/\/ir.bilkent.edu.tr\/index.php?rest_route=\/wp\/v2\/pages\/4061\/revisions"}],"predecessor-version":[{"id":4063,"href":"https:\/\/ir.bilkent.edu.tr\/index.php?rest_route=\/wp\/v2\/pages\/4061\/revisions\/4063"}],"wp:featuredmedia":[{"embeddable":true,"href":"https:\/\/ir.bilkent.edu.tr\/index.php?rest_route=\/wp\/v2\/media\/4062"}],"wp:attachment":[{"href":"https:\/\/ir.bilkent.edu.tr\/index.php?rest_route=%2Fwp%2Fv2%2Fmedia&parent=4061"}],"curies":[{"name":"wp","href":"https:\/\/api.w.org\/{rel}","templated":true}]}}