{"id":4053,"date":"2026-04-13T15:06:38","date_gmt":"2026-04-13T12:06:38","guid":{"rendered":"https:\/\/ir.bilkent.edu.tr\/?page_id=4053"},"modified":"2026-04-13T15:10:55","modified_gmt":"2026-04-13T12:10:55","slug":"bilkent-ir-cfpr-talk","status":"publish","type":"page","link":"https:\/\/ir.bilkent.edu.tr\/?page_id=4053","title":{"rendered":"Bilkent IR &#038; CFPPR Talk"},"content":{"rendered":"\n<p><strong>Title:<\/strong>&nbsp;All Azimuth Debate: ABD Nereye Gidiyor?<\/p>\n\n\n\n<p><strong>Speaker:\u00a0<\/strong>Ersel Ayd\u0131nl\u0131 (Moderat\u00f6r), B\u00fcy\u00fckel\u00e7i (E) Nam\u0131k Tan, B\u00fcy\u00fckel\u00e7i (E) Murat Mercan<\/p>\n\n\n\n<p><strong>Date and Time:<\/strong>&nbsp;14 April 2026, Tuesday, 12:30-13:30<\/p>\n\n\n\n<p><strong>Place:&nbsp;<\/strong>A130 Seminar Room<\/p>\n","protected":false},"excerpt":{"rendered":"<p>Title:&nbsp;All Azimuth Debate: ABD Nereye Gidiyor? Speaker:\u00a0Ersel Ayd\u0131nl\u0131 (Moderat\u00f6r), B\u00fcy\u00fckel\u00e7i (E) Nam\u0131k Tan, B\u00fcy\u00fckel\u00e7i (E) Murat Mercan Date and Time:&nbsp;14 April 2026, Tuesday, 12:30-13:30 Place:&nbsp;A130 Seminar Room<\/p>\n","protected":false},"author":1,"featured_media":4054,"parent":0,"menu_order":0,"comment_status":"closed","ping_status":"closed","template":"","meta":[],"_links":{"self":[{"href":"https:\/\/ir.bilkent.edu.tr\/index.php?rest_route=\/wp\/v2\/pages\/4053"}],"collection":[{"href":"https:\/\/ir.bilkent.edu.tr\/index.php?rest_route=\/wp\/v2\/pages"}],"about":[{"href":"https:\/\/ir.bilkent.edu.tr\/index.php?rest_route=\/wp\/v2\/types\/page"}],"author":[{"embeddable":true,"href":"https:\/\/ir.bilkent.edu.tr\/index.php?rest_route=\/wp\/v2\/users\/1"}],"replies":[{"embeddable":true,"href":"https:\/\/ir.bilkent.edu.tr\/index.php?rest_route=%2Fwp%2Fv2%2Fcomments&post=4053"}],"version-history":[{"count":4,"href":"https:\/\/ir.bilkent.edu.tr\/index.php?rest_route=\/wp\/v2\/pages\/4053\/revisions"}],"predecessor-version":[{"id":4060,"href":"https:\/\/ir.bilkent.edu.tr\/index.php?rest_route=\/wp\/v2\/pages\/4053\/revisions\/4060"}],"wp:featuredmedia":[{"embeddable":true,"href":"https:\/\/ir.bilkent.edu.tr\/index.php?rest_route=\/wp\/v2\/media\/4054"}],"wp:attachment":[{"href":"https:\/\/ir.bilkent.edu.tr\/index.php?rest_route=%2Fwp%2Fv2%2Fmedia&parent=4053"}],"curies":[{"name":"wp","href":"https:\/\/api.w.org\/{rel}","templated":true}]}}