{"id":4003,"date":"2026-04-02T15:39:11","date_gmt":"2026-04-02T12:39:11","guid":{"rendered":"https:\/\/ir.bilkent.edu.tr\/?page_id=4003"},"modified":"2026-04-02T16:01:52","modified_gmt":"2026-04-02T13:01:52","slug":"bagep-award-caglayan-baser","status":"publish","type":"page","link":"https:\/\/ir.bilkent.edu.tr\/?page_id=4003","title":{"rendered":"BAGEP AWARD &#8211; \u00c7a\u011flayan Ba\u015fer"},"content":{"rendered":"\n<p><a rel=\"noreferrer noopener\" href=\"https:\/\/bilimakademisi.org\/bagep-2026-sonuclari-aciklandi\/\" data-type=\"URL\" data-id=\"https:\/\/bilimakademisi.org\/bagep-2026-sonuclari-aciklandi\/\" target=\"_blank\">2026 Bilim Akademisi Gen\u00e7 Bilim \u0130nsan\u0131 (BAGEP)<\/a> \u00d6d\u00fcl\u00fc&#8217;ne lay\u0131k g\u00f6r\u00fclen \u00c7a\u011flayan Ba\u015fer hocam\u0131z\u0131 tebrik ediyoruz.<\/p>\n\n\n\n<p><\/p>\n\n\n\n<p><\/p>\n","protected":false},"excerpt":{"rendered":"<p>2026 Bilim Akademisi Gen\u00e7 Bilim \u0130nsan\u0131 (BAGEP) \u00d6d\u00fcl\u00fc&#8217;ne lay\u0131k g\u00f6r\u00fclen \u00c7a\u011flayan Ba\u015fer hocam\u0131z\u0131 tebrik ediyoruz.<\/p>\n","protected":false},"author":1,"featured_media":4018,"parent":0,"menu_order":0,"comment_status":"closed","ping_status":"closed","template":"","meta":[],"_links":{"self":[{"href":"https:\/\/ir.bilkent.edu.tr\/index.php?rest_route=\/wp\/v2\/pages\/4003"}],"collection":[{"href":"https:\/\/ir.bilkent.edu.tr\/index.php?rest_route=\/wp\/v2\/pages"}],"about":[{"href":"https:\/\/ir.bilkent.edu.tr\/index.php?rest_route=\/wp\/v2\/types\/page"}],"author":[{"embeddable":true,"href":"https:\/\/ir.bilkent.edu.tr\/index.php?rest_route=\/wp\/v2\/users\/1"}],"replies":[{"embeddable":true,"href":"https:\/\/ir.bilkent.edu.tr\/index.php?rest_route=%2Fwp%2Fv2%2Fcomments&post=4003"}],"version-history":[{"count":4,"href":"https:\/\/ir.bilkent.edu.tr\/index.php?rest_route=\/wp\/v2\/pages\/4003\/revisions"}],"predecessor-version":[{"id":4019,"href":"https:\/\/ir.bilkent.edu.tr\/index.php?rest_route=\/wp\/v2\/pages\/4003\/revisions\/4019"}],"wp:featuredmedia":[{"embeddable":true,"href":"https:\/\/ir.bilkent.edu.tr\/index.php?rest_route=\/wp\/v2\/media\/4018"}],"wp:attachment":[{"href":"https:\/\/ir.bilkent.edu.tr\/index.php?rest_route=%2Fwp%2Fv2%2Fmedia&parent=4003"}],"curies":[{"name":"wp","href":"https:\/\/api.w.org\/{rel}","templated":true}]}}