{"id":3891,"date":"2026-03-03T14:53:08","date_gmt":"2026-03-03T11:53:08","guid":{"rendered":"https:\/\/ir.bilkent.edu.tr\/?page_id=3891"},"modified":"2026-03-03T15:01:45","modified_gmt":"2026-03-03T12:01:45","slug":"bilkent-ir-talk-abd-iran-israel","status":"publish","type":"page","link":"https:\/\/ir.bilkent.edu.tr\/?page_id=3891","title":{"rendered":"Bilkent IR Talk"},"content":{"rendered":"\n<p><strong>Title:<\/strong>&nbsp;&#8220;Uluslararas\u0131 \u0130li\u015fkilerde G\u00fcncel Geli\u015fmeler: ABD, \u0130srail, \u0130ran \u00c7at\u0131\u015fmas\u0131&#8221; (T\u00fcrk\u00e7e)<\/p>\n\n\n\n<p><strong>Speaker:&nbsp;<\/strong>Tu\u011fba Bayar, Se\u00e7kin K\u00f6stem, Efe Tokdemir, \u00d6mer Zarpl\u0131 (Bilkent University)<\/p>\n\n\n\n<p><strong>Date and Time:<\/strong>&nbsp;4 March 2026, Wednesday, 16:30<\/p>\n\n\n\n<p><strong>Place:&nbsp;<\/strong>A130 Seminar Room<\/p>\n","protected":false},"excerpt":{"rendered":"<p>Title:&nbsp;&#8220;Uluslararas\u0131 \u0130li\u015fkilerde G\u00fcncel Geli\u015fmeler: ABD, \u0130srail, \u0130ran \u00c7at\u0131\u015fmas\u0131&#8221; (T\u00fcrk\u00e7e) Speaker:&nbsp;Tu\u011fba Bayar, Se\u00e7kin K\u00f6stem, Efe Tokdemir, \u00d6mer Zarpl\u0131 (Bilkent University) Date and Time:&nbsp;4 March 2026, Wednesday, 16:30 Place:&nbsp;A130 Seminar Room<\/p>\n","protected":false},"author":1,"featured_media":3896,"parent":0,"menu_order":0,"comment_status":"closed","ping_status":"closed","template":"","meta":[],"_links":{"self":[{"href":"https:\/\/ir.bilkent.edu.tr\/index.php?rest_route=\/wp\/v2\/pages\/3891"}],"collection":[{"href":"https:\/\/ir.bilkent.edu.tr\/index.php?rest_route=\/wp\/v2\/pages"}],"about":[{"href":"https:\/\/ir.bilkent.edu.tr\/index.php?rest_route=\/wp\/v2\/types\/page"}],"author":[{"embeddable":true,"href":"https:\/\/ir.bilkent.edu.tr\/index.php?rest_route=\/wp\/v2\/users\/1"}],"replies":[{"embeddable":true,"href":"https:\/\/ir.bilkent.edu.tr\/index.php?rest_route=%2Fwp%2Fv2%2Fcomments&post=3891"}],"version-history":[{"count":3,"href":"https:\/\/ir.bilkent.edu.tr\/index.php?rest_route=\/wp\/v2\/pages\/3891\/revisions"}],"predecessor-version":[{"id":3899,"href":"https:\/\/ir.bilkent.edu.tr\/index.php?rest_route=\/wp\/v2\/pages\/3891\/revisions\/3899"}],"wp:featuredmedia":[{"embeddable":true,"href":"https:\/\/ir.bilkent.edu.tr\/index.php?rest_route=\/wp\/v2\/media\/3896"}],"wp:attachment":[{"href":"https:\/\/ir.bilkent.edu.tr\/index.php?rest_route=%2Fwp%2Fv2%2Fmedia&parent=3891"}],"curies":[{"name":"wp","href":"https:\/\/api.w.org\/{rel}","templated":true}]}}