{"id":3870,"date":"2026-03-02T14:57:00","date_gmt":"2026-03-02T11:57:00","guid":{"rendered":"https:\/\/ir.bilkent.edu.tr\/?page_id=3870"},"modified":"2026-03-02T14:57:19","modified_gmt":"2026-03-02T11:57:19","slug":"onur-isci-sam-hirst-book-talk","status":"publish","type":"page","link":"https:\/\/ir.bilkent.edu.tr\/?page_id=3870","title":{"rendered":"Onur \u0130\u015f\u00e7i &#038; Sam Hirst Book Talk"},"content":{"rendered":"\n<p><strong>Title:<\/strong>&nbsp;K\u0131z\u0131l Y\u0131ld\u0131z: Sovyetler Birli\u011fi Tarihi<\/p>\n\n\n\n<p><strong>Speaker:&nbsp;<\/strong>Samuel J. Hirst (Bilkent University) &amp; Onur \u0130\u015f\u00e7i (Bo\u011fazi\u00e7i University)<\/p>\n\n\n\n<p><strong>Date and Time:<\/strong>\u00a06 March 2026, Friday, 12:30-13:30<\/p>\n\n\n\n<p><strong>Place:&nbsp;<\/strong>A130 Seminar Room<\/p>\n","protected":false},"excerpt":{"rendered":"<p>Title:&nbsp;K\u0131z\u0131l Y\u0131ld\u0131z: Sovyetler Birli\u011fi Tarihi Speaker:&nbsp;Samuel J. Hirst (Bilkent University) &amp; Onur \u0130\u015f\u00e7i (Bo\u011fazi\u00e7i University) Date and Time:\u00a06 March 2026, Friday, 12:30-13:30 Place:&nbsp;A130 Seminar Room<\/p>\n","protected":false},"author":1,"featured_media":3871,"parent":0,"menu_order":0,"comment_status":"closed","ping_status":"closed","template":"","meta":[],"_links":{"self":[{"href":"https:\/\/ir.bilkent.edu.tr\/index.php?rest_route=\/wp\/v2\/pages\/3870"}],"collection":[{"href":"https:\/\/ir.bilkent.edu.tr\/index.php?rest_route=\/wp\/v2\/pages"}],"about":[{"href":"https:\/\/ir.bilkent.edu.tr\/index.php?rest_route=\/wp\/v2\/types\/page"}],"author":[{"embeddable":true,"href":"https:\/\/ir.bilkent.edu.tr\/index.php?rest_route=\/wp\/v2\/users\/1"}],"replies":[{"embeddable":true,"href":"https:\/\/ir.bilkent.edu.tr\/index.php?rest_route=%2Fwp%2Fv2%2Fcomments&post=3870"}],"version-history":[{"count":2,"href":"https:\/\/ir.bilkent.edu.tr\/index.php?rest_route=\/wp\/v2\/pages\/3870\/revisions"}],"predecessor-version":[{"id":3873,"href":"https:\/\/ir.bilkent.edu.tr\/index.php?rest_route=\/wp\/v2\/pages\/3870\/revisions\/3873"}],"wp:featuredmedia":[{"embeddable":true,"href":"https:\/\/ir.bilkent.edu.tr\/index.php?rest_route=\/wp\/v2\/media\/3871"}],"wp:attachment":[{"href":"https:\/\/ir.bilkent.edu.tr\/index.php?rest_route=%2Fwp%2Fv2%2Fmedia&parent=3870"}],"curies":[{"name":"wp","href":"https:\/\/api.w.org\/{rel}","templated":true}]}}