{"id":3739,"date":"2026-01-23T10:01:15","date_gmt":"2026-01-23T07:01:15","guid":{"rendered":"https:\/\/ir.bilkent.edu.tr\/?page_id=3739"},"modified":"2026-01-23T10:04:31","modified_gmt":"2026-01-23T07:04:31","slug":"caglayan-baser-book-talk","status":"publish","type":"page","link":"https:\/\/ir.bilkent.edu.tr\/?page_id=3739","title":{"rendered":"\u00c7a\u011flayan Ba\u015fer &#8211; Book Talk"},"content":{"rendered":"\n<p><strong>Title:&nbsp;<\/strong>Public Preferences, Gender, and Foreign Support for Armed Movements<\/p>\n\n\n\n<p><strong>Date and Time:<\/strong>&nbsp; February 2, Monday, 2026, 12:30-13:30<\/p>\n\n\n\n<p><strong>Venue:&nbsp;<\/strong>A130 Seminar Room, FEASS<\/p>\n\n\n\n<p><strong>Speaker:&nbsp;<\/strong>\u00c7a\u011flayan Ba\u015fer (Bilkent University)<\/p>\n\n\n\n<p><\/p>\n","protected":false},"excerpt":{"rendered":"<p>Title:&nbsp;Public Preferences, Gender, and Foreign Support for Armed Movements Date and Time:&nbsp; February 2, Monday, 2026, 12:30-13:30 Venue:&nbsp;A130 Seminar Room, FEASS Speaker:&nbsp;\u00c7a\u011flayan Ba\u015fer (Bilkent University)<\/p>\n","protected":false},"author":1,"featured_media":3745,"parent":0,"menu_order":0,"comment_status":"closed","ping_status":"closed","template":"","meta":[],"_links":{"self":[{"href":"https:\/\/ir.bilkent.edu.tr\/index.php?rest_route=\/wp\/v2\/pages\/3739"}],"collection":[{"href":"https:\/\/ir.bilkent.edu.tr\/index.php?rest_route=\/wp\/v2\/pages"}],"about":[{"href":"https:\/\/ir.bilkent.edu.tr\/index.php?rest_route=\/wp\/v2\/types\/page"}],"author":[{"embeddable":true,"href":"https:\/\/ir.bilkent.edu.tr\/index.php?rest_route=\/wp\/v2\/users\/1"}],"replies":[{"embeddable":true,"href":"https:\/\/ir.bilkent.edu.tr\/index.php?rest_route=%2Fwp%2Fv2%2Fcomments&post=3739"}],"version-history":[{"count":3,"href":"https:\/\/ir.bilkent.edu.tr\/index.php?rest_route=\/wp\/v2\/pages\/3739\/revisions"}],"predecessor-version":[{"id":3746,"href":"https:\/\/ir.bilkent.edu.tr\/index.php?rest_route=\/wp\/v2\/pages\/3739\/revisions\/3746"}],"wp:featuredmedia":[{"embeddable":true,"href":"https:\/\/ir.bilkent.edu.tr\/index.php?rest_route=\/wp\/v2\/media\/3745"}],"wp:attachment":[{"href":"https:\/\/ir.bilkent.edu.tr\/index.php?rest_route=%2Fwp%2Fv2%2Fmedia&parent=3739"}],"curies":[{"name":"wp","href":"https:\/\/api.w.org\/{rel}","templated":true}]}}