{"id":3590,"date":"2025-11-19T21:32:05","date_gmt":"2025-11-19T18:32:05","guid":{"rendered":"https:\/\/ir.bilkent.edu.tr\/?page_id=3590"},"modified":"2026-03-09T01:46:39","modified_gmt":"2026-03-08T22:46:39","slug":"news-announcements","status":"publish","type":"page","link":"https:\/\/ir.bilkent.edu.tr\/?page_id=3590","title":{"rendered":"Announcements"},"content":{"rendered":"\n<div class=\"wp-block-media-text alignwide is-stacked-on-mobile\" style=\"grid-template-columns:22% auto\"><figure class=\"wp-block-media-text__media\"><img decoding=\"async\" loading=\"lazy\" width=\"1024\" height=\"597\" src=\"https:\/\/ir.bilkent.edu.tr\/wp-content\/uploads\/2026\/03\/Announce2-1024x597.png\" alt=\"\" class=\"wp-image-3934 size-full\" srcset=\"https:\/\/ir.bilkent.edu.tr\/wp-content\/uploads\/2026\/03\/Announce2-1024x597.png 1024w, https:\/\/ir.bilkent.edu.tr\/wp-content\/uploads\/2026\/03\/Announce2-300x175.png 300w, https:\/\/ir.bilkent.edu.tr\/wp-content\/uploads\/2026\/03\/Announce2-768x448.png 768w, https:\/\/ir.bilkent.edu.tr\/wp-content\/uploads\/2026\/03\/Announce2.png 1112w\" sizes=\"(max-width: 1024px) 100vw, 1024px\" \/><\/figure><div class=\"wp-block-media-text__content\">\n<p><strong>New Publication by \u00c7a\u011flayan Ba\u015fer<\/strong><\/p>\n\n\n\n<p>The book \u201cPublic Preferences, Gender, and Foreign Support for Armed Movements,\u201d written by \u00c7a\u011flayan Ba\u015fer, was published by Cambridge University Press Element Series in Gender and Politics.<\/p>\n\n\n\n<p><strong><a href=\"https:\/\/ir.bilkent.edu.tr\/?page_id=3728\" data-type=\"URL\" data-id=\"https:\/\/ir.bilkent.edu.tr\/?page_id=3728\" target=\"_blank\" rel=\"noreferrer noopener\">Follow this link<\/a><\/strong> to learn more about the book.<\/p>\n<\/div><\/div>\n\n\n\n<div style=\"height:100px\" aria-hidden=\"true\" class=\"wp-block-spacer\"><\/div>\n\n\n\n<div class=\"wp-block-media-text alignwide is-stacked-on-mobile\" style=\"grid-template-columns:22% auto\"><figure class=\"wp-block-media-text__media\"><img decoding=\"async\" loading=\"lazy\" width=\"1024\" height=\"590\" src=\"https:\/\/ir.bilkent.edu.tr\/wp-content\/uploads\/2026\/03\/Announce-1024x590.png\" alt=\"\" class=\"wp-image-3933 size-full\" srcset=\"https:\/\/ir.bilkent.edu.tr\/wp-content\/uploads\/2026\/03\/Announce-1024x590.png 1024w, https:\/\/ir.bilkent.edu.tr\/wp-content\/uploads\/2026\/03\/Announce-300x173.png 300w, https:\/\/ir.bilkent.edu.tr\/wp-content\/uploads\/2026\/03\/Announce-768x443.png 768w, https:\/\/ir.bilkent.edu.tr\/wp-content\/uploads\/2026\/03\/Announce.png 1228w\" sizes=\"(max-width: 1024px) 100vw, 1024px\" \/><\/figure><div class=\"wp-block-media-text__content\">\n<p><strong>ERC Consolidator Grant for COUNSTER Project<\/strong> <strong>&#8211; Efe Tokdemir<\/strong><\/p>\n\n\n\n<p>Efe Tokdemir was awarded the ERC-2025 Consolidator Grant for his groundbreaking project COUNSTER.<\/p>\n\n\n\n<p><strong><a href=\"https:\/\/ir.bilkent.edu.tr\/?page_id=3712\" data-type=\"URL\" data-id=\"https:\/\/ir.bilkent.edu.tr\/?page_id=3712\" target=\"_blank\" rel=\"noreferrer noopener\">Follow this link<\/a><\/strong> to learn more about the book.<\/p>\n<\/div><\/div>\n\n\n\n<div style=\"height:100px\" aria-hidden=\"true\" class=\"wp-block-spacer\"><\/div>\n\n\n\n<div class=\"wp-block-media-text alignwide is-stacked-on-mobile\" style=\"grid-template-columns:22% auto\"><figure class=\"wp-block-media-text__media\"><img decoding=\"async\" loading=\"lazy\" width=\"1024\" height=\"727\" src=\"https:\/\/ir.bilkent.edu.tr\/wp-content\/uploads\/2026\/02\/Screenshot-2026-02-27-at-05.50.22-1024x727.png\" alt=\"\" class=\"wp-image-3848 size-full\" srcset=\"https:\/\/ir.bilkent.edu.tr\/wp-content\/uploads\/2026\/02\/Screenshot-2026-02-27-at-05.50.22-1024x727.png 1024w, https:\/\/ir.bilkent.edu.tr\/wp-content\/uploads\/2026\/02\/Screenshot-2026-02-27-at-05.50.22-300x213.png 300w, https:\/\/ir.bilkent.edu.tr\/wp-content\/uploads\/2026\/02\/Screenshot-2026-02-27-at-05.50.22-768x545.png 768w, https:\/\/ir.bilkent.edu.tr\/wp-content\/uploads\/2026\/02\/Screenshot-2026-02-27-at-05.50.22-340x240.png 340w, https:\/\/ir.bilkent.edu.tr\/wp-content\/uploads\/2026\/02\/Screenshot-2026-02-27-at-05.50.22.png 1386w\" sizes=\"(max-width: 1024px) 100vw, 1024px\" \/><\/figure><div class=\"wp-block-media-text__content\">\n<p><strong>New Publication by Tu\u011fba Bayar<\/strong><\/p>\n\n\n\n<p>The book \u201cThe Rise and Relapse of European Human Rights in Turkey,\u201d written by Tu\u011fba Bayar, was published by CEU Press.<\/p>\n\n\n\n<p><strong><a href=\"https:\/\/ir.bilkent.edu.tr\/?page_id=3561&amp;customize_changeset_uuid=0609dcb3-1520-4554-8325-0b5d80049d97\" data-type=\"URL\" data-id=\"https:\/\/ir.bilkent.edu.tr\/?page_id=3561&amp;customize_changeset_uuid=0609dcb3-1520-4554-8325-0b5d80049d97\" target=\"_blank\" rel=\"noreferrer noopener\">Follow this link<\/a><\/strong> to learn more about the book.<\/p>\n<\/div><\/div>\n\n\n\n<div style=\"height:100px\" aria-hidden=\"true\" class=\"wp-block-spacer\"><\/div>\n\n\n\n<div class=\"wp-block-media-text alignwide is-stacked-on-mobile\" style=\"grid-template-columns:22% auto\"><figure class=\"wp-block-media-text__media\"><img decoding=\"async\" loading=\"lazy\" width=\"1024\" height=\"730\" src=\"https:\/\/ir.bilkent.edu.tr\/wp-content\/uploads\/2026\/02\/Screenshot-2026-02-27-at-05.46.33-1024x730.png\" alt=\"\" class=\"wp-image-3844 size-full\" srcset=\"https:\/\/ir.bilkent.edu.tr\/wp-content\/uploads\/2026\/02\/Screenshot-2026-02-27-at-05.46.33-1024x730.png 1024w, https:\/\/ir.bilkent.edu.tr\/wp-content\/uploads\/2026\/02\/Screenshot-2026-02-27-at-05.46.33-300x214.png 300w, https:\/\/ir.bilkent.edu.tr\/wp-content\/uploads\/2026\/02\/Screenshot-2026-02-27-at-05.46.33-768x547.png 768w, https:\/\/ir.bilkent.edu.tr\/wp-content\/uploads\/2026\/02\/Screenshot-2026-02-27-at-05.46.33.png 1392w\" sizes=\"(max-width: 1024px) 100vw, 1024px\" \/><\/figure><div class=\"wp-block-media-text__content\">\n<p><strong>New Publication by Samuel J. Hirst<\/strong><\/p>\n\n\n\n<p>The book \u201cK\u0131z\u0131l Y\u0131ld\u0131z: Sovyetler Birli\u011fi Tarihi,\u201d co-authored by Onur \u0130\u015f\u00e7i and Samuel J. Hirst, was published by Kronik Kitap.<\/p>\n\n\n\n<p><strong><a href=\"https:\/\/ir.bilkent.edu.tr\/?page_id=3551\" data-type=\"URL\" data-id=\"https:\/\/ir.bilkent.edu.tr\/?page_id=3551\" target=\"_blank\" rel=\"noreferrer noopener\">Follow this link<\/a><\/strong> to learn more about the book.<\/p>\n<\/div><\/div>\n\n\n\n<div style=\"height:100px\" aria-hidden=\"true\" class=\"wp-block-spacer\"><\/div>\n\n\n\n<div class=\"wp-block-media-text alignwide is-stacked-on-mobile\" style=\"grid-template-columns:22% auto\"><figure class=\"wp-block-media-text__media\"><img decoding=\"async\" loading=\"lazy\" width=\"1024\" height=\"755\" src=\"https:\/\/ir.bilkent.edu.tr\/wp-content\/uploads\/2025\/11\/samhh-1024x755.png\" alt=\"\" class=\"wp-image-3587 size-full\" srcset=\"https:\/\/ir.bilkent.edu.tr\/wp-content\/uploads\/2025\/11\/samhh-1024x755.png 1024w, https:\/\/ir.bilkent.edu.tr\/wp-content\/uploads\/2025\/11\/samhh-300x221.png 300w, https:\/\/ir.bilkent.edu.tr\/wp-content\/uploads\/2025\/11\/samhh-768x566.png 768w, https:\/\/ir.bilkent.edu.tr\/wp-content\/uploads\/2025\/11\/samhh.png 1272w\" sizes=\"(max-width: 1024px) 100vw, 1024px\" \/><\/figure><div class=\"wp-block-media-text__content\">\n<p><strong>New Publication by Samuel J. Hirst<\/strong><\/p>\n\n\n\n<p>&#8220;Against the Liberal Order: The Soviet Union, Turkey, and Statist Internationalism<em>, <\/em>1919\u20131939&#8243;, a monograph by Samuel J. Hirst, was published by Oxford University Press<em>.<\/em><\/p>\n\n\n\n<p><strong><a href=\"https:\/\/ir.bilkent.edu.tr\/?p=2521\" data-type=\"URL\" data-id=\"https:\/\/ir.bilkent.edu.tr\/?p=2521\" target=\"_blank\" rel=\"noreferrer noopener\">Follow this link<\/a><\/strong> to learn more about the book.<\/p>\n<\/div><\/div>\n\n\n\n<div style=\"height:100px\" aria-hidden=\"true\" class=\"wp-block-spacer\"><\/div>\n\n\n\n<div class=\"wp-block-media-text alignwide is-stacked-on-mobile is-vertically-aligned-center is-image-fill\" style=\"grid-template-columns:20% auto\"><figure class=\"wp-block-media-text__media\" style=\"background-image:url(https:\/\/ir.bilkent.edu.tr\/wp-content\/uploads\/2024\/09\/IR-Posterleri-Thinking-Globally-About-World-Politics-2-e1726589986604-1024x666.jpg);background-position:50% 50%\"><img decoding=\"async\" loading=\"lazy\" width=\"1024\" height=\"666\" src=\"https:\/\/ir.bilkent.edu.tr\/wp-content\/uploads\/2024\/09\/IR-Posterleri-Thinking-Globally-About-World-Politics-2-e1726589986604-1024x666.jpg\" alt=\"\" class=\"wp-image-2555 size-full\" srcset=\"https:\/\/ir.bilkent.edu.tr\/wp-content\/uploads\/2024\/09\/IR-Posterleri-Thinking-Globally-About-World-Politics-2-e1726589986604-1024x666.jpg 1024w, https:\/\/ir.bilkent.edu.tr\/wp-content\/uploads\/2024\/09\/IR-Posterleri-Thinking-Globally-About-World-Politics-2-e1726589986604-300x195.jpg 300w, https:\/\/ir.bilkent.edu.tr\/wp-content\/uploads\/2024\/09\/IR-Posterleri-Thinking-Globally-About-World-Politics-2-e1726589986604-768x499.jpg 768w, https:\/\/ir.bilkent.edu.tr\/wp-content\/uploads\/2024\/09\/IR-Posterleri-Thinking-Globally-About-World-Politics-2-e1726589986604-1536x998.jpg 1536w, https:\/\/ir.bilkent.edu.tr\/wp-content\/uploads\/2024\/09\/IR-Posterleri-Thinking-Globally-About-World-Politics-2-e1726589986604-2048x1331.jpg 2048w\" sizes=\"(max-width: 1024px) 100vw, 1024px\" \/><\/figure><div class=\"wp-block-media-text__content\">\n<p><strong>New Publication by P\u0131nar Bilgin<\/strong><\/p>\n\n\n\n<p>&#8220;Thinking Globally About World Politics: Beyond Global IR,&#8221; a co-authored book by P\u0131nar Bilgin and Karen Smith, was published by Palgrave Macmillan.<\/p>\n\n\n\n<p><strong><a href=\"https:\/\/ir.bilkent.edu.tr\/?p=2516\" data-type=\"URL\" data-id=\"https:\/\/ir.bilkent.edu.tr\/?p=2516\" target=\"_blank\" rel=\"noreferrer noopener\">Follow this link<\/a><\/strong> to learn more about the book.<\/p>\n<\/div><\/div>\n\n\n\n<p><\/p>\n\n\n\n<div class=\"wp-block-media-text alignwide is-stacked-on-mobile\" style=\"grid-template-columns:18% auto\"><figure class=\"wp-block-media-text__media\"><img decoding=\"async\" loading=\"lazy\" width=\"363\" height=\"363\" src=\"https:\/\/ir.bilkent.edu.tr\/wp-content\/uploads\/2023\/08\/ing-logo.jpg\" alt=\"\" class=\"wp-image-1770 size-full\" srcset=\"https:\/\/ir.bilkent.edu.tr\/wp-content\/uploads\/2023\/08\/ing-logo.jpg 363w, https:\/\/ir.bilkent.edu.tr\/wp-content\/uploads\/2023\/08\/ing-logo-300x300.jpg 300w, https:\/\/ir.bilkent.edu.tr\/wp-content\/uploads\/2023\/08\/ing-logo-150x150.jpg 150w\" sizes=\"(max-width: 363px) 100vw, 363px\" \/><\/figure><div class=\"wp-block-media-text__content\">\n<p><strong>Call for Position &#8211; Assistant Professor in International Relations<\/strong><\/p>\n\n\n\n<p><\/p>\n\n\n\n<p>Please follow<strong>&nbsp;<a rel=\"noreferrer noopener\" href=\"https:\/\/stars.bilkent.edu.tr\/staffapp\/IR2025\" target=\"_blank\">this link<\/a><\/strong>&nbsp;for further information, submitting your application or edit existing application.&nbsp;<\/p>\n\n\n\n<p>Please direct questions about the application process and the positions to&nbsp;<a href=\"mailto:ir@bilkent.edu.tr\">ir@bilkent.edu.tr<\/a>.<\/p>\n\n\n\n<p><\/p>\n<\/div><\/div>\n\n\n\n<div style=\"height:75px\" aria-hidden=\"true\" class=\"wp-block-spacer\"><\/div>\n\n\n\n<div style=\"height:75px\" aria-hidden=\"true\" class=\"wp-block-spacer\"><\/div>\n\n\n\n<div class=\"wp-block-media-text alignwide is-stacked-on-mobile is-image-fill\" style=\"grid-template-columns:18% auto\"><figure class=\"wp-block-media-text__media\" style=\"background-image:url(https:\/\/ir.bilkent.edu.tr\/wp-content\/uploads\/2023\/05\/esbe-kirpilmis-1-1024x506.png);background-position:50% 50%\"><img decoding=\"async\" loading=\"lazy\" width=\"1024\" height=\"506\" src=\"https:\/\/ir.bilkent.edu.tr\/wp-content\/uploads\/2023\/05\/esbe-kirpilmis-1-1024x506.png\" alt=\"\" class=\"wp-image-1158 size-full\" srcset=\"https:\/\/ir.bilkent.edu.tr\/wp-content\/uploads\/2023\/05\/esbe-kirpilmis-1-1024x506.png 1024w, https:\/\/ir.bilkent.edu.tr\/wp-content\/uploads\/2023\/05\/esbe-kirpilmis-1-300x148.png 300w, https:\/\/ir.bilkent.edu.tr\/wp-content\/uploads\/2023\/05\/esbe-kirpilmis-1-768x379.png 768w, https:\/\/ir.bilkent.edu.tr\/wp-content\/uploads\/2023\/05\/esbe-kirpilmis-1.png 1185w\" sizes=\"(max-width: 1024px) 100vw, 1024px\" \/><\/figure><div class=\"wp-block-media-text__content\">\n<p><strong>Call for Papers<\/strong><\/p>\n\n\n\n<p>We invite proposals for the 12<sup>th<\/sup> Annual Eurasian Peace Science Conference, to be held in person on <strong>January 11-12, 2024<\/strong>, at Bilkent University, Ankara Turkey. The conference&#8217;s goals are to broaden cooperation and intellectual dialogue among Eurasian and global peace science scholars, and to bring together the cutting-edge research with rigorous methods on various aspects of peace science.<br>The&nbsp;<strong>deadline for proposal submissions is August 1<sup>st<\/sup>, 2023<\/strong>. <\/p>\n\n\n\n<p><\/p>\n\n\n\n<p><strong><a href=\"https:\/\/ir.bilkent.edu.tr\/?page_id=1109\">Follow this link<\/a><\/strong> to learn more about the event.<\/p>\n<\/div><\/div>\n\n\n\n<div style=\"height:75px\" aria-hidden=\"true\" class=\"wp-block-spacer\"><\/div>\n\n\n\n<div class=\"wp-block-media-text alignwide is-stacked-on-mobile is-image-fill\" style=\"grid-template-columns:18% auto\"><figure class=\"wp-block-media-text__media\" style=\"background-image:url(https:\/\/ir.bilkent.edu.tr\/wp-content\/uploads\/2023\/10\/IMG_20231013_175320-576x1024.png);background-position:50% 50%\"><img decoding=\"async\" loading=\"lazy\" width=\"576\" height=\"1024\" src=\"https:\/\/ir.bilkent.edu.tr\/wp-content\/uploads\/2023\/10\/IMG_20231013_175320-576x1024.png\" alt=\"\" class=\"wp-image-1905 size-full\" srcset=\"https:\/\/ir.bilkent.edu.tr\/wp-content\/uploads\/2023\/10\/IMG_20231013_175320-576x1024.png 576w, https:\/\/ir.bilkent.edu.tr\/wp-content\/uploads\/2023\/10\/IMG_20231013_175320-169x300.png 169w, https:\/\/ir.bilkent.edu.tr\/wp-content\/uploads\/2023\/10\/IMG_20231013_175320.png 750w\" sizes=\"(max-width: 576px) 100vw, 576px\" \/><\/figure><div class=\"wp-block-media-text__content\">\n<p><strong>New Publication by \u00d6zg\u00fcr \u00d6zdamar<\/strong><\/p>\n\n\n\n<p>\u201cLeaders in the Middle East and North Africa, How Ideology Shapes Foreign Policy\u201d is a new book coauthored by Assoc. Prof. \u00d6zg\u00fcr \u00d6zdamar, chair of the Department of International Relations, and Sercan Canbolat.<\/p>\n\n\n\n<p>Published by Cambridge University Press, the book explores the study of leadership in the Middle East and North Africa (MENA).<\/p>\n\n\n\n<p><a href=\"https:\/\/bilkentnews.bilkent.edu.tr\/?p=5188\">Bilkent News<\/a><\/p>\n\n\n\n<p><a rel=\"noreferrer noopener\" href=\"https:\/\/ir.bilkent.edu.tr\/?page_id=1878\" data-type=\"URL\" data-id=\"https:\/\/ir.bilkent.edu.tr\/?page_id=1878\" target=\"_blank\"><strong>Follow this link<\/strong><\/a> to learn more about the book.<\/p>\n<\/div><\/div>\n\n\n\n<div style=\"height:75px\" aria-hidden=\"true\" class=\"wp-block-spacer\"><\/div>\n\n\n\n<div class=\"wp-block-media-text alignwide is-stacked-on-mobile is-image-fill\" style=\"grid-template-columns:18% auto\"><figure class=\"wp-block-media-text__media\" style=\"background-image:url(https:\/\/ir.bilkent.edu.tr\/wp-content\/uploads\/2023\/10\/IMG_20231013_174853-576x1024.jpg);background-position:50% 50%\"><img decoding=\"async\" loading=\"lazy\" width=\"576\" height=\"1024\" src=\"https:\/\/ir.bilkent.edu.tr\/wp-content\/uploads\/2023\/10\/IMG_20231013_174853-576x1024.jpg\" alt=\"\" class=\"wp-image-1902 size-full\"\/><\/figure><div class=\"wp-block-media-text__content\">\n<p><strong>Recent Publication by Serdar G\u00fcner<\/strong><\/p>\n\n\n\n<p>Assoc. Prof. Serdar G\u00fcner of the Department of International Relations recently published \u201cArt and IR Theory: Visual Semiotic Games\u201d with Springer Press, Mathematics in Mind Series.<\/p>\n\n\n\n<p><a href=\"https:\/\/bilkentnews.bilkent.edu.tr\/?p=5172\">Bilkent News<\/a><\/p>\n\n\n\n<p><a href=\"https:\/\/ir.bilkent.edu.tr\/?page_id=1873\" data-type=\"URL\" data-id=\"https:\/\/ir.bilkent.edu.tr\/?page_id=1873\"><strong>Follow this link<\/strong><\/a> to learn more about the book.<\/p>\n<\/div><\/div>\n\n\n\n<div style=\"height:75px\" aria-hidden=\"true\" class=\"wp-block-spacer\"><\/div>\n\n\n\n<div class=\"wp-block-media-text alignwide is-stacked-on-mobile\" style=\"grid-template-columns:18% auto\"><figure class=\"wp-block-media-text__media\"><img decoding=\"async\" loading=\"lazy\" width=\"363\" height=\"363\" src=\"https:\/\/ir.bilkent.edu.tr\/wp-content\/uploads\/2023\/08\/ing-logo.jpg\" alt=\"\" class=\"wp-image-1770 size-full\" srcset=\"https:\/\/ir.bilkent.edu.tr\/wp-content\/uploads\/2023\/08\/ing-logo.jpg 363w, https:\/\/ir.bilkent.edu.tr\/wp-content\/uploads\/2023\/08\/ing-logo-300x300.jpg 300w, https:\/\/ir.bilkent.edu.tr\/wp-content\/uploads\/2023\/08\/ing-logo-150x150.jpg 150w\" sizes=\"(max-width: 363px) 100vw, 363px\" \/><\/figure><div class=\"wp-block-media-text__content\">\n<p><strong>Call for Multiple Positions &#8211; Assistant Professor in International Relations<\/strong><\/p>\n\n\n\n<p><\/p>\n\n\n\n<p>Please follow<strong> <a rel=\"noreferrer noopener\" href=\"https:\/\/stars.bilkent.edu.tr\/staffapp\/IR2024\" target=\"_blank\">this link<\/a><\/strong> for further information, submitting your application or edit existing application. <\/p>\n\n\n\n<p>Please direct questions about the application process and the positions to&nbsp;<a href=\"mailto:ir@bilkent.edu.tr\">ir@bilkent.edu.tr<\/a>.<\/p>\n\n\n\n<p><a href=\"https:\/\/stars.bilkent.edu.tr\/staffapp\/application\/create\/IR2024\">&nbsp;Submit New Application<\/a>&nbsp;<\/p>\n\n\n\n<p><a href=\"https:\/\/stars.bilkent.edu.tr\/staffapp\/application\/lookup\/IR2024\">&nbsp;Edit Existing Application<\/a><\/p>\n<\/div><\/div>\n\n\n\n<div style=\"height:75px\" aria-hidden=\"true\" class=\"wp-block-spacer\"><\/div>\n\n\n\n<div class=\"wp-block-media-text alignwide is-stacked-on-mobile\" style=\"grid-template-columns:18% auto\"><figure class=\"wp-block-media-text__media\"><img decoding=\"async\" loading=\"lazy\" width=\"862\" height=\"517\" src=\"https:\/\/ir.bilkent.edu.tr\/wp-content\/uploads\/2023\/05\/slider-bagep-2-1-1024x871-2.png\" alt=\"\" class=\"wp-image-1143 size-full\" srcset=\"https:\/\/ir.bilkent.edu.tr\/wp-content\/uploads\/2023\/05\/slider-bagep-2-1-1024x871-2.png 862w, https:\/\/ir.bilkent.edu.tr\/wp-content\/uploads\/2023\/05\/slider-bagep-2-1-1024x871-2-300x180.png 300w, https:\/\/ir.bilkent.edu.tr\/wp-content\/uploads\/2023\/05\/slider-bagep-2-1-1024x871-2-768x461.png 768w\" sizes=\"(max-width: 862px) 100vw, 862px\" \/><\/figure><div class=\"wp-block-media-text__content\">\n<p><strong>Faculty Members Honored at BAGEP Awards Ceremony<\/strong><\/p>\n\n\n\n<p>A ceremony to honor this year\u2019s recipients of the Distinguished Young Scientist (BAGEP) award was held on April 8 at the Bilkent Concert Hall.<\/p>\n\n\n\n<p>Eight Bilkent faculty members were among the individuals receiving awards.<\/p>\n\n\n\n<p>This year, 39 scientists were named BAGEP award recipients. The Bilkent awardees are: Asst. Prof. Ay\u015fenur Dal (Department of Communication and Design), Asst. Prof. Hamdi Dibeklio\u011flu (Department of Computer Engineering), Asst. Prof. Bur\u00e7in K\u0131sac\u0131ko\u011flu (Department of Economics), Asst. Prof. Aykut Ko\u00e7 (Department of Electrical and Electronics Engineering and UMRAM), Asst. Prof. Se\u00e7kin K\u00f6stem (Department of International Relations), Asst. Prof. Onur \u00d6zcan (Department of Mechanical Engineering), Asst. Prof. Deniz Y\u0131lmaz (Department of Mathematics) and UNAM Asst. Prof. Hasan Y\u0131lmaz (UNAM).<\/p>\n\n\n\n<p>Bilkent alumni Asst. Prof. G\u00f6kalp Alpan (MATH \u201910; MS \u201912; PhD \u201917) and Asst. Prof. Talha Erdem (EE \u201909; MS \u201911; PhD \u201916) are also among the 2023 award recipients.<\/p>\n\n\n\n<p><a href=\"https:\/\/bilkentnews.bilkent.edu.tr\/?p=4419\">Bilkent News<\/a><\/p>\n\n\n\n<p><a href=\"https:\/\/ir.bilkent.edu.tr\/?page_id=783\"><strong>Follow this link<\/strong><\/a> to learn more about the event.<\/p>\n<\/div><\/div>\n\n\n\n<div style=\"height:75px\" aria-hidden=\"true\" class=\"wp-block-spacer\"><\/div>\n","protected":false},"excerpt":{"rendered":"<p>New Publication by \u00c7a\u011flayan Ba\u015fer The book \u201cPublic Preferences, Gender, and Foreign Support for Armed Movements,\u201d written by \u00c7a\u011flayan Ba\u015fer, was published by Cambridge University Press Element Series in Gender and Politics. Follow this link to learn more about the book. ERC Consolidator Grant for COUNSTER Project &#8211; Efe Tokdemir Efe Tokdemir was awarded the&hellip;<\/p>\n","protected":false},"author":1,"featured_media":0,"parent":0,"menu_order":0,"comment_status":"closed","ping_status":"closed","template":"","meta":[],"_links":{"self":[{"href":"https:\/\/ir.bilkent.edu.tr\/index.php?rest_route=\/wp\/v2\/pages\/3590"}],"collection":[{"href":"https:\/\/ir.bilkent.edu.tr\/index.php?rest_route=\/wp\/v2\/pages"}],"about":[{"href":"https:\/\/ir.bilkent.edu.tr\/index.php?rest_route=\/wp\/v2\/types\/page"}],"author":[{"embeddable":true,"href":"https:\/\/ir.bilkent.edu.tr\/index.php?rest_route=\/wp\/v2\/users\/1"}],"replies":[{"embeddable":true,"href":"https:\/\/ir.bilkent.edu.tr\/index.php?rest_route=%2Fwp%2Fv2%2Fcomments&post=3590"}],"version-history":[{"count":13,"href":"https:\/\/ir.bilkent.edu.tr\/index.php?rest_route=\/wp\/v2\/pages\/3590\/revisions"}],"predecessor-version":[{"id":3937,"href":"https:\/\/ir.bilkent.edu.tr\/index.php?rest_route=\/wp\/v2\/pages\/3590\/revisions\/3937"}],"wp:attachment":[{"href":"https:\/\/ir.bilkent.edu.tr\/index.php?rest_route=%2Fwp%2Fv2%2Fmedia&parent=3590"}],"curies":[{"name":"wp","href":"https:\/\/api.w.org\/{rel}","templated":true}]}}