{"id":3039,"date":"2025-08-17T17:53:03","date_gmt":"2025-08-17T14:53:03","guid":{"rendered":"https:\/\/ir.bilkent.edu.tr\/?page_id=3039"},"modified":"2025-08-17T17:53:03","modified_gmt":"2025-08-17T14:53:03","slug":"eliza-gheorghe","status":"publish","type":"page","link":"https:\/\/ir.bilkent.edu.tr\/?page_id=3039","title":{"rendered":"Eliza Gheorghe"},"content":{"rendered":"<div class=\"wp-block-image\">\n<figure class=\"aligncenter size-full is-resized\"><img decoding=\"async\" loading=\"lazy\" src=\"https:\/\/ir.bilkent.edu.tr\/wp-content\/uploads\/2023\/03\/Eliza-Gheorghe_Photo-13-e1541417638805-689x1024-removebg-preview.png\" alt=\"\" class=\"wp-image-351\" width=\"198\" height=\"293\" srcset=\"https:\/\/ir.bilkent.edu.tr\/wp-content\/uploads\/2023\/03\/Eliza-Gheorghe_Photo-13-e1541417638805-689x1024-removebg-preview.png 410w, https:\/\/ir.bilkent.edu.tr\/wp-content\/uploads\/2023\/03\/Eliza-Gheorghe_Photo-13-e1541417638805-689x1024-removebg-preview-202x300.png 202w\" sizes=\"(max-width: 198px) 100vw, 198px\" \/><\/figure><\/div>\n\n\n<p>Eliza Gheorghe is an Assistant Professor in the International Relations Department at Bilkent University. She earned her doctorate in International Relations from the University of Oxford (No Corrections, 2014) and an M.A. in Security Studies from Georgetown University (Honors, 2010) on a Fulbright scholarship. She held research fellowships at Vanderbilt University, the University of Hamburg, Yale University, Harvard Kennedy School, Cornell University, SAIS-Johns Hopkins University, the Norwegian Institute for Defense Studies, and Universit\u00e9 Paris 1 Panth\u00e9on \u2013 Sorbonne. Her research was funded by the Stanton Foundation, the Woodrow Wilson International Center for Scholars, Funda\u00e7\u00e3o Get\u00falio Vargas, and the University of Vienna. She is the recipient of the International Fellowship for Outstanding Researchers from the Scientific and Technological Research Council of Turkey, and the Outstanding Young Scientist Prize from the Turkish Academy of Sciences. Her research focuses on nuclear proliferation and the evolution of the nuclear market; nuclear alliances; nuclear dominoes; and illicit trade and trafficking networks. Her work has been published in International Security, Journal of Politics, and the Journal of Strategic Studies, among others. Her forthcoming book, titled\u00a0<em>Market of Doom. Proliferation and the Logic of Nuclear Trade<\/em>\u00a0is coming out with Cornell University Press.<\/p>\n","protected":false},"excerpt":{"rendered":"<p>Eliza Gheorghe is an Assistant Professor in the International Relations Department at Bilkent University. She earned her doctorate in International Relations from the University of Oxford (No Corrections, 2014) and an M.A. in Security Studies from Georgetown University (Honors, 2010) on a Fulbright scholarship. She held research fellowships at Vanderbilt University, the University of Hamburg,&hellip;<\/p>\n","protected":false},"author":1,"featured_media":0,"parent":0,"menu_order":0,"comment_status":"closed","ping_status":"closed","template":"","meta":[],"_links":{"self":[{"href":"https:\/\/ir.bilkent.edu.tr\/index.php?rest_route=\/wp\/v2\/pages\/3039"}],"collection":[{"href":"https:\/\/ir.bilkent.edu.tr\/index.php?rest_route=\/wp\/v2\/pages"}],"about":[{"href":"https:\/\/ir.bilkent.edu.tr\/index.php?rest_route=\/wp\/v2\/types\/page"}],"author":[{"embeddable":true,"href":"https:\/\/ir.bilkent.edu.tr\/index.php?rest_route=\/wp\/v2\/users\/1"}],"replies":[{"embeddable":true,"href":"https:\/\/ir.bilkent.edu.tr\/index.php?rest_route=%2Fwp%2Fv2%2Fcomments&post=3039"}],"version-history":[{"count":1,"href":"https:\/\/ir.bilkent.edu.tr\/index.php?rest_route=\/wp\/v2\/pages\/3039\/revisions"}],"predecessor-version":[{"id":3040,"href":"https:\/\/ir.bilkent.edu.tr\/index.php?rest_route=\/wp\/v2\/pages\/3039\/revisions\/3040"}],"wp:attachment":[{"href":"https:\/\/ir.bilkent.edu.tr\/index.php?rest_route=%2Fwp%2Fv2%2Fmedia&parent=3039"}],"curies":[{"name":"wp","href":"https:\/\/api.w.org\/{rel}","templated":true}]}}