{"id":278,"date":"2023-03-25T22:05:56","date_gmt":"2023-03-25T19:05:56","guid":{"rendered":"https:\/\/ir.bilkent.edu.tr\/?page_id=278"},"modified":"2023-11-21T13:20:22","modified_gmt":"2023-11-21T10:20:22","slug":"ir-postgraduate-students-talking","status":"publish","type":"page","link":"https:\/\/ir.bilkent.edu.tr\/?page_id=278","title":{"rendered":"Alumni Comments"},"content":{"rendered":"\n<div class=\"wp-block-media-text alignwide is-stacked-on-mobile\" style=\"grid-template-columns:15% auto\"><figure class=\"wp-block-media-text__media\"><img decoding=\"async\" loading=\"lazy\" width=\"134\" height=\"168\" src=\"https:\/\/ir.bilkent.edu.tr\/wp-content\/uploads\/2023\/03\/Rana-photo2.png\" alt=\"\" class=\"wp-image-472 size-full\"\/><\/figure><div class=\"wp-block-media-text__content\">\n<p><strong>Efser Rana Coskun, <strong>Assistant Professor<\/strong> at Social Sciences University of Ankara\u00a0<\/strong>\u201cBilkent IR provides such an enthusiastic academic environment to develop various research skills and areas. In order to understand \u201chow the world works\u201d, Bilkent IR is the best place to offer diverse angles and methods to expand traditional imaginations.\u201d<\/p>\n<\/div><\/div>\n\n\n\n<div style=\"height:20px\" aria-hidden=\"true\" class=\"wp-block-spacer\"><\/div>\n\n\n\n<div class=\"wp-block-media-text alignwide is-stacked-on-mobile\" style=\"grid-template-columns:15% auto\"><figure class=\"wp-block-media-text__media\"><img decoding=\"async\" loading=\"lazy\" width=\"342\" height=\"407\" src=\"https:\/\/ir.bilkent.edu.tr\/wp-content\/uploads\/2023\/03\/evgeniia_photo1.png\" alt=\"\" class=\"wp-image-474 size-full\" srcset=\"https:\/\/ir.bilkent.edu.tr\/wp-content\/uploads\/2023\/03\/evgeniia_photo1.png 342w, https:\/\/ir.bilkent.edu.tr\/wp-content\/uploads\/2023\/03\/evgeniia_photo1-252x300.png 252w\" sizes=\"(max-width: 342px) 100vw, 342px\" \/><\/figure><div class=\"wp-block-media-text__content\">\n<p><strong>Evgeniia Shahin, <strong>Independent Researcher&nbsp;<\/strong>&nbsp;<\/strong>\u201cBilkent International Relations Department is the place where students can get high quality education and invaluable research skills. I am glad to be a part of the department, bringing together academics from such a broad range of specializations. Bilkent IR provides its students an opportunity to meet world-class scholars coming to various seminars at the department while department\u2019s faculty members are always ready to consult their students on the topics of academic and career development.\u201d<\/p>\n<\/div><\/div>\n\n\n\n<div style=\"height:20px\" aria-hidden=\"true\" class=\"wp-block-spacer\"><\/div>\n\n\n\n<div class=\"wp-block-media-text alignwide is-stacked-on-mobile\" style=\"grid-template-columns:15% auto\"><figure class=\"wp-block-media-text__media\"><img decoding=\"async\" loading=\"lazy\" width=\"199\" height=\"300\" src=\"https:\/\/ir.bilkent.edu.tr\/wp-content\/uploads\/2023\/03\/ErkamSula-199x300bright.jpg\" alt=\"\" class=\"wp-image-475 size-full\"\/><\/figure><div class=\"wp-block-media-text__content\">\n<p><strong>\u0130smail Erkam Sula, <strong>Associate Professor<\/strong> at Ankara Y\u0131ld\u0131r\u0131m Beyaz\u0131t University\u00a0<\/strong>\u201cI joined the Department of International Relations in 2009; an occasion which I consider as a huge step for my academic career. The four years that I have spent at the department have been full of enthusiasm, self-fulfillment, and great future expectations. The academic environment enables us to believe in our own potential. It teaches us to study with passion, to develop personal intellectual abilities, to become philosophers, and to become social scientists as well. The variety of research areas and scholarly approaches among the faculty is like a bench full of a variety of delicious fruits out of which one can select what he\/she desires. In this regard, the department offers a large number of research specializations to its graduate students on the theory and practice of international relations.\u201d<\/p>\n<\/div><\/div>\n\n\n\n<div style=\"height:20px\" aria-hidden=\"true\" class=\"wp-block-spacer\"><\/div>\n\n\n\n<div class=\"wp-block-media-text alignwide is-stacked-on-mobile\" style=\"grid-template-columns:15% auto\"><figure class=\"wp-block-media-text__media\"><img decoding=\"async\" loading=\"lazy\" width=\"231\" height=\"300\" src=\"https:\/\/ir.bilkent.edu.tr\/wp-content\/uploads\/2023\/03\/AnastassiaBugday-e1392639800160-231x300-1.jpg\" alt=\"\" class=\"wp-image-476 size-full\"\/><\/figure><div class=\"wp-block-media-text__content\">\n<p><strong>Anastassia Boitsova-Bugday, PhD Candidate&nbsp;<\/strong>\u201cI have been at the Department of International Relations at Bilkent University for five and a half years now and the aspect of studying here that amazes me every time is its incredible learning environment. Starting from the courses provided, to multiple seminar series, to out of class discussion with professors and colleagues, Bilkent IR is one of the best places to constantly learn, debate, exchange views on IR theories and international politics, as well as produce and share one\u2019s research and experience.\u201d<\/p>\n<\/div><\/div>\n\n\n\n<div style=\"height:20px\" aria-hidden=\"true\" class=\"wp-block-spacer\"><\/div>\n\n\n\n<div class=\"wp-block-media-text alignwide is-stacked-on-mobile\" style=\"grid-template-columns:15% auto\"><figure class=\"wp-block-media-text__media\"><img decoding=\"async\" loading=\"lazy\" width=\"224\" height=\"300\" src=\"https:\/\/ir.bilkent.edu.tr\/wp-content\/uploads\/2023\/03\/UlucKarakas-224x300-1.jpg\" alt=\"\" class=\"wp-image-477 size-full\"\/><\/figure><div class=\"wp-block-media-text__content\">\n<p><strong>Uluc Karakas, <strong>Business Development Specialist at B\u0130TES<\/strong><\/strong> &#8220;After ending my undergraduate education by having many questions in my mind, I needed a graduate education combining skills on analytical-critical thinking with research enthusiasm and conducting decent research. In this sense, \u201cMaster of Arts in International Relations\u201d provided me with this opportunity through systematic academic cultivation by taking courses on international relations theory, research methods, security studies and foreign policy. What\u2019s more, through this sort of academic cultivation, I had a distinctive imagination on academic culture involving many scholars from different schools of thoughts and research skills. These were what a graduate student could expect from a graduate institution for me.\u201d<\/p>\n<\/div><\/div>\n\n\n\n<div style=\"height:20px\" aria-hidden=\"true\" class=\"wp-block-spacer\"><\/div>\n\n\n\n<div class=\"wp-block-media-text alignwide is-stacked-on-mobile\" style=\"grid-template-columns:15% auto\"><figure class=\"wp-block-media-text__media\"><img decoding=\"async\" loading=\"lazy\" width=\"195\" height=\"261\" src=\"https:\/\/ir.bilkent.edu.tr\/wp-content\/uploads\/2023\/03\/NigarhanGurpinarBB.jpg\" alt=\"\" class=\"wp-image-478 size-full\"\/><\/figure><div class=\"wp-block-media-text__content\">\n<p><strong>Nigarhan Gurp\u0131nar, MA student<\/strong> &#8220;Amerika\u2019dan Avrupa\u2019ya, Orta Do\u011fu\u2019dan Rusya\u2019ya bir\u00e7ok co\u011frafyan\u0131n yan\u0131 s\u0131ra,\u00a0d\u0131\u015f politika, diplomasi, g\u00fcvenlik, \u00e7evre, enerji, uluslararas\u0131 hukuk, uluslararas\u0131 siyasi ekonomi gibi konular\u0131ndaki derslerin bollu\u011fu ve bu ba\u011flamda mevcut olan derslerin \u00e7e\u015fitlili\u011fi \u00f6\u011frencilerin ilgi duyduklar\u0131 alanlar\u0131 ke\u015ffetmesi, bu alanlarda ders al\u0131p bu alanlara dair teorik ve pratik anlamda farkl\u0131 pencerelerden bakma f\u0131rsat\u0131na sahip olmas\u0131 olana\u011f\u0131n\u0131 sunuyor. Gerek bu tip derslerin \u00e7e\u015fitlili\u011fi, gerekse hocalar\u0131n \u00f6\u011frencileriyle yak\u0131ndan ilgilenip onlar\u0131 y\u00f6nlendirmesi ve hatta gerekti\u011fi yerlerde cesaret vermesi sayesinde ben de ilgi duydu\u011fum alan\u0131 ke\u015ffetme f\u0131rsat\u0131 buldum ve bu alan hakk\u0131nda var olan \u00e7e\u015fitli g\u00f6r\u00fc\u015fleri, teorik bilgileri daha detayl\u0131 tan\u0131ma ve inceleme f\u0131rsat\u0131m oldu. Bu sayede \u00f6\u011frenciler sadece ders almakla y\u00fck\u00fcml\u00fc olduklar\u0131 bir programla k\u0131s\u0131tl\u0131 kalmay\u0131p yeteneklerini ke\u015ffedecekleri, ileriye d\u00f6n\u00fck planlar yapabilecekleri ve destek bulabilecekleri bir ortamda kendilerini geli\u015ftirme f\u0131rsat\u0131 buluyorlar.\u201d<\/p>\n<\/div><\/div>\n\n\n\n<div style=\"height:20px\" aria-hidden=\"true\" class=\"wp-block-spacer\"><\/div>\n\n\n\n<div class=\"wp-block-media-text alignwide is-stacked-on-mobile\" style=\"grid-template-columns:15% auto\"><figure class=\"wp-block-media-text__media\"><img decoding=\"async\" loading=\"lazy\" width=\"161\" height=\"209\" src=\"https:\/\/ir.bilkent.edu.tr\/wp-content\/uploads\/2023\/03\/Sercan-CanbolatBB.png\" alt=\"\" class=\"wp-image-479 size-full\"\/><\/figure><div class=\"wp-block-media-text__content\">\n<p><strong>Sercan Canbolat, Post-Doctoral Research Associate at University of Connecticut<\/strong><strong> <\/strong>\u201cBilkent \u00dcniversitesi Uluslararas\u0131 \u0130li\u015fkiler Master Program\u0131nda ald\u0131\u011f\u0131m derslerin niteli\u011fi ve ayr\u0131ca dan\u0131\u015fman hocalar\u0131n\u0131n te\u015fvik etmesiyle lisans\u00fcst\u00fc \u00f6\u011frencilerinin tez \u00e7al\u0131\u015fmalar\u0131nda yapt\u0131klar\u0131 ara\u015ft\u0131rmalar\u0131n bilimsel anlamda evrenselli\u011fi ve genellenebilir olmas\u0131n\u0131 birlikte d\u00fc\u015f\u00fcnd\u00fc\u011f\u00fcmde Uluslararas\u0131 \u0130li\u015fkiler b\u00f6l\u00fcm\u00fcn\u00fcn sundu\u011fu lisans\u00fcst\u00fc programlar\u0131n\u0131n bizleri T\u00fcrkiye\u2019nin di\u011fer bir\u00e7ok \u00fcniversitesinde bu alanda e\u011fitim alan \u00f6\u011frencilerden \u00e7ok daha ayr\u0131cal\u0131kl\u0131 k\u0131ld\u0131\u011f\u0131na inan\u0131yorum. Yurt i\u00e7inde d\u00fczenlenen bir\u00e7ok lisans\u00fcst\u00fc d\u00fczeyde konferans, \u00e7al\u0131\u015ftay vb. organizasyonlarda Bilkent \u00dcniversitesi lisans\u00fcst\u00fc \u00f6\u011frencileri sundu\u011fu \u00e7al\u0131\u015fmalar ile fark yaratt\u0131\u011f\u0131n\u0131 ve bu \u00e7al\u0131\u015fmalar\u0131n T\u00fcrkiye genelinde di\u011fer kurumlar ve akademisyenler taraf\u0131ndan takdir edildi\u011fini defalarca g\u00f6zlemledim. Son olarak, Bilkent \u00dcniversitesi Uluslararas\u0131 \u0130li\u015fkiler b\u00f6l\u00fcm\u00fcn\u00fcn \u00f6nerdi\u011fi lisans\u00fcst\u00fc programlar\u0131n\u0131n bizleri yurt i\u00e7inde daha ayr\u0131cal\u0131kl\u0131 ve sayg\u0131n bir yere ta\u015f\u0131mas\u0131n\u0131n yan\u0131nda uluslararas\u0131 alanda da Uluslararas\u0131 \u0130li\u015fkiler alan\u0131nda faaliyet g\u00f6steren di\u011fer \u00fcniversite ve lisans\u00fcst\u00fc \u00f6\u011frencilerle tam anlam\u0131yla rekabet edebilir duruma getirdi\u011fini belirtmek isterim. Bilkent \u00dcniversitesi\u2019nde verilen lisans\u00fcst\u00fc e\u011fitimin d\u00fcnya standartlar\u0131nda oldu\u011funu ve \u00f6zellikle Uluslararas\u0131 \u0130li\u015fkiler disiplinin temellerinin at\u0131ld\u0131\u011f\u0131 Kuzey Amerika ve Avrupa k\u0131talar\u0131nda bulunan iyi \u00fcniversitelerin sundu\u011fu programlar ile e\u015fde\u011fer oldu\u011funu d\u00fc\u015f\u00fcn\u00fcyorum.<\/p>\n<\/div><\/div>\n\n\n\n<div style=\"height:20px\" aria-hidden=\"true\" class=\"wp-block-spacer\"><\/div>\n\n\n\n<div class=\"wp-block-media-text alignwide is-stacked-on-mobile\" style=\"grid-template-columns:15% auto\"><figure class=\"wp-block-media-text__media\"><img decoding=\"async\" loading=\"lazy\" width=\"206\" height=\"240\" src=\"https:\/\/ir.bilkent.edu.tr\/wp-content\/uploads\/2023\/03\/AliOguzDiriozB.png\" alt=\"\" class=\"wp-image-480 size-full\"\/><\/figure><div class=\"wp-block-media-text__content\">\n<p><strong>Ali Oguz Dirioz, <strong>Assistant Professor at TOBB University of Economics and Technology<\/strong>\u00a0<\/strong>\u00a0\u201cThe department of International Relations at Bilkent University is highly selective and expects its graduate students to be amongst the best in Turkey and internationally. One could conduct research in one of the best libraries in Turkey, get TUBITAK funding for conferences, publish good papers or gain experiences while teaching undergraduates. My Best memories, however, are those with my friends during MA studies in the MIAPP program, as well as the PhD classes. Our classmates and Professors made us feel as if we were members of a privileged fellowship rather than mere graduate students. Maybe that was in my cohort, but over the years I\u2019ve had the privilege to meet and work with wonderful students, faculty and staff. And had friendships that I hope will last a lifetime.\u201d<\/p>\n<\/div><\/div>\n\n\n\n<div style=\"height:20px\" aria-hidden=\"true\" class=\"wp-block-spacer\"><\/div>\n\n\n\n<div class=\"wp-block-media-text alignwide is-stacked-on-mobile\" style=\"grid-template-columns:15% auto\"><figure class=\"wp-block-media-text__media\"><img decoding=\"async\" loading=\"lazy\" width=\"174\" height=\"229\" src=\"https:\/\/ir.bilkent.edu.tr\/wp-content\/uploads\/2023\/03\/ToygarHalistoprakB.png\" alt=\"\" class=\"wp-image-481 size-full\"\/><\/figure><div class=\"wp-block-media-text__content\">\n<p><strong>Burak Toygar Halistoprak, <strong>Assistant Professor at Antalya Bilim University<\/strong><\/strong>\u00a0\u201cBilkent IR Department consists of faculty members with very diversified research profiles. Structure of the department is pluralist both in theoretical and methodological manners. This provides a unique opportunity to the graduate students who are willing to be engaged with different research techniques, cases and theoretical stances.\u201d<\/p>\n<\/div><\/div>\n\n\n\n<div style=\"height:20px\" aria-hidden=\"true\" class=\"wp-block-spacer\"><\/div>\n\n\n\n<div class=\"wp-block-media-text alignwide is-stacked-on-mobile\" style=\"grid-template-columns:15% auto\"><figure class=\"wp-block-media-text__media\"><img decoding=\"async\" loading=\"lazy\" width=\"227\" height=\"300\" src=\"https:\/\/ir.bilkent.edu.tr\/wp-content\/uploads\/2023\/03\/MineNurKucuk2-227x300-2.jpg\" alt=\"\" class=\"wp-image-482 size-full\"\/><\/figure><div class=\"wp-block-media-text__content\">\n<p><strong>Mine Nur Kucuk, <strong>Assistant Professor<\/strong> at Yeditepe University<\/strong>\u00a0\u201cBilkent IR provides its students the ability to analyze different international issues from a variety of theoretical perspectives. Therefore, while you are becoming aware of the vital global subject matters, you are also acquiring critical lenses through which you make sense of these matters.\u201d<\/p>\n<\/div><\/div>\n","protected":false},"excerpt":{"rendered":"<p>Efser Rana Coskun, Assistant Professor at Social Sciences University of Ankara\u00a0\u201cBilkent IR provides such an enthusiastic academic environment to develop various research skills and areas. In order to understand \u201chow the world works\u201d, Bilkent IR is the best place to offer diverse angles and methods to expand traditional imaginations.\u201d Evgeniia Shahin, Independent Researcher&nbsp;&nbsp;\u201cBilkent International Relations&hellip;<\/p>\n","protected":false},"author":1,"featured_media":0,"parent":0,"menu_order":0,"comment_status":"closed","ping_status":"closed","template":"","meta":[],"_links":{"self":[{"href":"https:\/\/ir.bilkent.edu.tr\/index.php?rest_route=\/wp\/v2\/pages\/278"}],"collection":[{"href":"https:\/\/ir.bilkent.edu.tr\/index.php?rest_route=\/wp\/v2\/pages"}],"about":[{"href":"https:\/\/ir.bilkent.edu.tr\/index.php?rest_route=\/wp\/v2\/types\/page"}],"author":[{"embeddable":true,"href":"https:\/\/ir.bilkent.edu.tr\/index.php?rest_route=\/wp\/v2\/users\/1"}],"replies":[{"embeddable":true,"href":"https:\/\/ir.bilkent.edu.tr\/index.php?rest_route=%2Fwp%2Fv2%2Fcomments&post=278"}],"version-history":[{"count":8,"href":"https:\/\/ir.bilkent.edu.tr\/index.php?rest_route=\/wp\/v2\/pages\/278\/revisions"}],"predecessor-version":[{"id":2033,"href":"https:\/\/ir.bilkent.edu.tr\/index.php?rest_route=\/wp\/v2\/pages\/278\/revisions\/2033"}],"wp:attachment":[{"href":"https:\/\/ir.bilkent.edu.tr\/index.php?rest_route=%2Fwp%2Fv2%2Fmedia&parent=278"}],"curies":[{"name":"wp","href":"https:\/\/api.w.org\/{rel}","templated":true}]}}