{"id":2678,"date":"2024-11-06T15:34:19","date_gmt":"2024-11-06T12:34:19","guid":{"rendered":"https:\/\/ir.bilkent.edu.tr\/?page_id=2678"},"modified":"2024-11-06T15:34:19","modified_gmt":"2024-11-06T12:34:19","slug":"discussion-on-recent-developments-in-the-middle-east","status":"publish","type":"page","link":"https:\/\/ir.bilkent.edu.tr\/?page_id=2678","title":{"rendered":"Discussion on Recent Developments in the Middle East\u00a0"},"content":{"rendered":"\n<p>The Department of International Relations held the seminar \u201cOrta Do\u011fu\u2019da Son Geli\u015fmeler\u201d in October. Within the seminar, Prof. Dr. \u00d6zlem T\u00fcr, Dr. Serhat Erkmen and Department Chair Prof. Dr. \u00d6zg\u00fcr \u00d6zdamar discussed the latest issues in the Middle East under the moderation of Dr. Tu\u011fba Bayar. They first emphasized the escalation of the ongoing war between Israel and Hamas, which has expanded regionally with the involvement of Hezbollah and Iran, then provided a comprehensive analysis regarding the new actors in the conflict.&nbsp;&nbsp;&nbsp;&nbsp;<\/p>\n\n\n\n<p>\u00d6zlem T\u00fcr and Serhat Erkmen shared their specific views on Turkey\u2019s stance regarding the war and the possible outcomes for Turkey and Turkish foreign policy in regard to the current case of the region, referring to Turkey\u2019s potential actions in the near future. While \u00d6zlem T\u00fcr mentioned China\u2019s role as a mediator within the conflict, \u00d6zg\u00fcr \u00d6zdamar addressed the case for the US and US foreign policy, specifically highlighting the country\u2019s limited capability to influence.&nbsp;&nbsp;<\/p>\n\n\n\n<p>Overall, the seminar provided an opportunity for students to engage with leading scholars of the field to review the latest issues in the Middle East through a comprehensive discussion.\u00a0<\/p>\n\n\n\n<p><strong><a href=\"https:\/\/bilkentnews.bilkent.edu.tr\/?p=7589\">Bilkent News<\/a><\/strong><\/p>\n","protected":false},"excerpt":{"rendered":"<p>The Department of International Relations held the seminar \u201cOrta Do\u011fu\u2019da Son Geli\u015fmeler\u201d in October. Within the seminar, Prof. Dr. \u00d6zlem T\u00fcr, Dr. Serhat Erkmen and Department Chair Prof. Dr. \u00d6zg\u00fcr \u00d6zdamar discussed the latest issues in the Middle East under the moderation of Dr. Tu\u011fba Bayar. They first emphasized the escalation of the ongoing war&hellip;<\/p>\n","protected":false},"author":1,"featured_media":2679,"parent":0,"menu_order":0,"comment_status":"closed","ping_status":"closed","template":"","meta":[],"_links":{"self":[{"href":"https:\/\/ir.bilkent.edu.tr\/index.php?rest_route=\/wp\/v2\/pages\/2678"}],"collection":[{"href":"https:\/\/ir.bilkent.edu.tr\/index.php?rest_route=\/wp\/v2\/pages"}],"about":[{"href":"https:\/\/ir.bilkent.edu.tr\/index.php?rest_route=\/wp\/v2\/types\/page"}],"author":[{"embeddable":true,"href":"https:\/\/ir.bilkent.edu.tr\/index.php?rest_route=\/wp\/v2\/users\/1"}],"replies":[{"embeddable":true,"href":"https:\/\/ir.bilkent.edu.tr\/index.php?rest_route=%2Fwp%2Fv2%2Fcomments&post=2678"}],"version-history":[{"count":2,"href":"https:\/\/ir.bilkent.edu.tr\/index.php?rest_route=\/wp\/v2\/pages\/2678\/revisions"}],"predecessor-version":[{"id":2958,"href":"https:\/\/ir.bilkent.edu.tr\/index.php?rest_route=\/wp\/v2\/pages\/2678\/revisions\/2958"}],"wp:featuredmedia":[{"embeddable":true,"href":"https:\/\/ir.bilkent.edu.tr\/index.php?rest_route=\/wp\/v2\/media\/2679"}],"wp:attachment":[{"href":"https:\/\/ir.bilkent.edu.tr\/index.php?rest_route=%2Fwp%2Fv2%2Fmedia&parent=2678"}],"curies":[{"name":"wp","href":"https:\/\/api.w.org\/{rel}","templated":true}]}}