{"id":2600,"date":"2024-10-09T14:08:29","date_gmt":"2024-10-09T11:08:29","guid":{"rendered":"https:\/\/ir.bilkent.edu.tr\/?page_id=2600"},"modified":"2024-11-04T10:38:02","modified_gmt":"2024-11-04T07:38:02","slug":"herkes-icin-uluslararasi-iliskiler-semineri-2","status":"publish","type":"page","link":"https:\/\/ir.bilkent.edu.tr\/?page_id=2600","title":{"rendered":"HERKES \u0130\u00c7\u0130N ULUSLARARASI \u0130L\u0130\u015eK\u0130LER SEM\u0130NER\u0130 2"},"content":{"rendered":"\n<p><strong>Herkes \u0130\u00e7in Uluslararas\u0131 \u0130li\u015fkiler Semineri <\/strong><\/p>\n\n\n\n<p><strong>International Relations for Everyone (in Turkish) <\/strong><\/p>\n\n\n\n<p><strong>&#8220;T\u00fcrk-Amerikan \u0130li\u015fkilerinin D\u00fcn\u00fc, Bug\u00fcn\u00fc, Yar\u0131n\u0131&#8221;<\/strong><\/p>\n\n\n\n<p><\/p>\n\n\n\n<p><strong>Konu\u015fmac\u0131:<\/strong><\/p>\n\n\n\n<p>Ali \u015eevket Oval\u0131 <\/p>\n\n\n\n<p><\/p>\n\n\n\n<p><strong>Tarih<\/strong>: 16 Ekim 2024, 12:30<\/p>\n\n\n\n<p><strong>Yer<\/strong>: A130 <\/p>\n\n\n\n<p>Bilkent University, Ankara<\/p>\n","protected":false},"excerpt":{"rendered":"<p>Herkes \u0130\u00e7in Uluslararas\u0131 \u0130li\u015fkiler Semineri International Relations for Everyone (in Turkish) &#8220;T\u00fcrk-Amerikan \u0130li\u015fkilerinin D\u00fcn\u00fc, Bug\u00fcn\u00fc, Yar\u0131n\u0131&#8221; Konu\u015fmac\u0131: Ali \u015eevket Oval\u0131 Tarih: 16 Ekim 2024, 12:30 Yer: A130 Bilkent University, Ankara<\/p>\n","protected":false},"author":1,"featured_media":2673,"parent":0,"menu_order":0,"comment_status":"closed","ping_status":"closed","template":"","meta":[],"_links":{"self":[{"href":"https:\/\/ir.bilkent.edu.tr\/index.php?rest_route=\/wp\/v2\/pages\/2600"}],"collection":[{"href":"https:\/\/ir.bilkent.edu.tr\/index.php?rest_route=\/wp\/v2\/pages"}],"about":[{"href":"https:\/\/ir.bilkent.edu.tr\/index.php?rest_route=\/wp\/v2\/types\/page"}],"author":[{"embeddable":true,"href":"https:\/\/ir.bilkent.edu.tr\/index.php?rest_route=\/wp\/v2\/users\/1"}],"replies":[{"embeddable":true,"href":"https:\/\/ir.bilkent.edu.tr\/index.php?rest_route=%2Fwp%2Fv2%2Fcomments&post=2600"}],"version-history":[{"count":3,"href":"https:\/\/ir.bilkent.edu.tr\/index.php?rest_route=\/wp\/v2\/pages\/2600\/revisions"}],"predecessor-version":[{"id":2664,"href":"https:\/\/ir.bilkent.edu.tr\/index.php?rest_route=\/wp\/v2\/pages\/2600\/revisions\/2664"}],"wp:featuredmedia":[{"embeddable":true,"href":"https:\/\/ir.bilkent.edu.tr\/index.php?rest_route=\/wp\/v2\/media\/2673"}],"wp:attachment":[{"href":"https:\/\/ir.bilkent.edu.tr\/index.php?rest_route=%2Fwp%2Fv2%2Fmedia&parent=2600"}],"curies":[{"name":"wp","href":"https:\/\/api.w.org\/{rel}","templated":true}]}}