{"id":2593,"date":"2024-10-04T18:18:20","date_gmt":"2024-10-04T15:18:20","guid":{"rendered":"https:\/\/ir.bilkent.edu.tr\/?page_id=2593"},"modified":"2024-11-22T13:27:12","modified_gmt":"2024-11-22T10:27:12","slug":"herkes-icin-uluslararasi-iliskiler-semineri","status":"publish","type":"page","link":"https:\/\/ir.bilkent.edu.tr\/?page_id=2593","title":{"rendered":"HERKES \u0130\u00c7\u0130N ULUSLARARASI \u0130L\u0130\u015eK\u0130LER SEM\u0130NER\u0130"},"content":{"rendered":"\n<p><strong>Herkes \u0130\u00e7in Uluslararas\u0131 \u0130li\u015fkiler Semineri <\/strong><\/p>\n\n\n\n<p><strong>International Relations for Everyone (in Turkish)<\/strong><\/p>\n\n\n\n<p><strong>&#8220;Ortado\u011fu&#8217;da Son Geli\u015fmeler&#8221; <\/strong><\/p>\n\n\n\n<p><\/p>\n\n\n\n<p><strong>Konu\u015fmac\u0131lar:<\/strong><\/p>\n\n\n\n<p>\u00d6zlem T\u00fcr (ODT\u00dc)<\/p>\n\n\n\n<p>Serhat Erkmen (Pros&amp;Cons)<\/p>\n\n\n\n<p>\u00d6zg\u00fcr \u00d6zdamar (Bilkent)<\/p>\n\n\n\n<p><\/p>\n\n\n\n<p><strong>Moderat\u00f6r:<\/strong><\/p>\n\n\n\n<p>Tu\u011fba Bayar (Bilkent)<\/p>\n\n\n\n<p><\/p>\n\n\n\n<p><strong>7 Ekim Pazartesi, 12:30<\/strong><\/p>\n\n\n\n<p><strong>C Blok Amfi<\/strong><\/p>\n\n\n\n<p><\/p>\n\n\n\n<p>GE puan\u0131 verilecektir. <\/p>\n\n\n\n<p><\/p>\n","protected":false},"excerpt":{"rendered":"<p>Herkes \u0130\u00e7in Uluslararas\u0131 \u0130li\u015fkiler Semineri International Relations for Everyone (in Turkish) &#8220;Ortado\u011fu&#8217;da Son Geli\u015fmeler&#8221; Konu\u015fmac\u0131lar: \u00d6zlem T\u00fcr (ODT\u00dc) Serhat Erkmen (Pros&amp;Cons) \u00d6zg\u00fcr \u00d6zdamar (Bilkent) Moderat\u00f6r: Tu\u011fba Bayar (Bilkent) 7 Ekim Pazartesi, 12:30 C Blok Amfi GE puan\u0131 verilecektir.<\/p>\n","protected":false},"author":1,"featured_media":2674,"parent":0,"menu_order":0,"comment_status":"closed","ping_status":"closed","template":"","meta":[],"_links":{"self":[{"href":"https:\/\/ir.bilkent.edu.tr\/index.php?rest_route=\/wp\/v2\/pages\/2593"}],"collection":[{"href":"https:\/\/ir.bilkent.edu.tr\/index.php?rest_route=\/wp\/v2\/pages"}],"about":[{"href":"https:\/\/ir.bilkent.edu.tr\/index.php?rest_route=\/wp\/v2\/types\/page"}],"author":[{"embeddable":true,"href":"https:\/\/ir.bilkent.edu.tr\/index.php?rest_route=\/wp\/v2\/users\/1"}],"replies":[{"embeddable":true,"href":"https:\/\/ir.bilkent.edu.tr\/index.php?rest_route=%2Fwp%2Fv2%2Fcomments&post=2593"}],"version-history":[{"count":3,"href":"https:\/\/ir.bilkent.edu.tr\/index.php?rest_route=\/wp\/v2\/pages\/2593\/revisions"}],"predecessor-version":[{"id":2663,"href":"https:\/\/ir.bilkent.edu.tr\/index.php?rest_route=\/wp\/v2\/pages\/2593\/revisions\/2663"}],"wp:featuredmedia":[{"embeddable":true,"href":"https:\/\/ir.bilkent.edu.tr\/index.php?rest_route=\/wp\/v2\/media\/2674"}],"wp:attachment":[{"href":"https:\/\/ir.bilkent.edu.tr\/index.php?rest_route=%2Fwp%2Fv2%2Fmedia&parent=2593"}],"curies":[{"name":"wp","href":"https:\/\/api.w.org\/{rel}","templated":true}]}}