{"id":2349,"date":"2024-05-20T14:44:33","date_gmt":"2024-05-20T11:44:33","guid":{"rendered":"https:\/\/ir.bilkent.edu.tr\/?page_id=2349"},"modified":"2024-05-22T11:29:04","modified_gmt":"2024-05-22T08:29:04","slug":"bilkent-ir-talks-caglayan-baser","status":"publish","type":"page","link":"https:\/\/ir.bilkent.edu.tr\/?page_id=2349","title":{"rendered":"Bilkent IR Talks- \u00c7a\u011flayan Ba\u015fer"},"content":{"rendered":"\n<p><strong>\u00c7a\u011flayan Ba\u015fer<\/strong><strong><\/strong><\/p>\n\n\n\n<p><strong>Syracuse University<\/strong><\/p>\n\n\n\n<p><strong>&#8220;How Conflict is Affected by Gender:&nbsp; Female Combatants, Gender Norms &amp; Rebel Survival&#8221;<\/strong><\/p>\n\n\n\n<p><strong>Date &amp; Time: <\/strong><strong>May 22nd, 10.30<\/strong><\/p>\n\n\n\n<p><strong>A-130 Seminar Room<\/strong><\/p>\n\n\n\n<p><strong>Abstract:<\/strong> Existing research demonstrated that women participate in two-thirds of rebel groups in various roles, yet little is known about the conditions under which female recruitment can benefit rebel groups. I argue that groups with female combatants are more likely to survive longer than all-male groups, and that female combatants\u2019 impact on conflict duration is conditional on the prevalence of traditional gender norms. I conduct survival analysis using a global sample of rebel groups from 1979 to 2009 at the macro-level, and at the micro-level, I leverage the district-level variation on gender norms within a single conflict using large-N data from Kurdish Armed Insurgency. The results suggest that female members\u2019 advantage in sustaining the rebellion is only salient in societies with restrictive gender norms regarding women\u2019s participation in public life. In contrast, female members do not appear to contribute to rebel group survivability through unique gendered ways in societies embracing more gender-egalitarian norms. The results have important research and policy implications highlighting the need to understand gender disparities as a mainstream security issue.<\/p>\n\n\n\n<p><strong>Bio:<\/strong> \u00c7a\u011flayan Ba\u015fer is an Assistant Professor of Political Science at Syracuse University, Maxwell School. She researches the links between international and domestic politics via social norms and ideologies. She investigates these dynamics within the realms of gender politics, international organizations, and conflict. Methodologically, \u00c7a\u011flayan Ba\u015fer employs statistical analyses of observational and survey experimental data, as well as qualitative case studies based on primary sources. Her work is published in World Politics, Security Studies, and Alternatif Politika. Her book project is currently under contract with Cambridge University Press.<strong><\/strong><\/p>\n","protected":false},"excerpt":{"rendered":"<p>\u00c7a\u011flayan Ba\u015fer Syracuse University &#8220;How Conflict is Affected by Gender:&nbsp; Female Combatants, Gender Norms &amp; Rebel Survival&#8221; Date &amp; Time: May 22nd, 10.30 A-130 Seminar Room Abstract: Existing research demonstrated that women participate in two-thirds of rebel groups in various roles, yet little is known about the conditions under which female recruitment can benefit rebel&hellip;<\/p>\n","protected":false},"author":1,"featured_media":2378,"parent":0,"menu_order":0,"comment_status":"closed","ping_status":"closed","template":"","meta":[],"_links":{"self":[{"href":"https:\/\/ir.bilkent.edu.tr\/index.php?rest_route=\/wp\/v2\/pages\/2349"}],"collection":[{"href":"https:\/\/ir.bilkent.edu.tr\/index.php?rest_route=\/wp\/v2\/pages"}],"about":[{"href":"https:\/\/ir.bilkent.edu.tr\/index.php?rest_route=\/wp\/v2\/types\/page"}],"author":[{"embeddable":true,"href":"https:\/\/ir.bilkent.edu.tr\/index.php?rest_route=\/wp\/v2\/users\/1"}],"replies":[{"embeddable":true,"href":"https:\/\/ir.bilkent.edu.tr\/index.php?rest_route=%2Fwp%2Fv2%2Fcomments&post=2349"}],"version-history":[{"count":1,"href":"https:\/\/ir.bilkent.edu.tr\/index.php?rest_route=\/wp\/v2\/pages\/2349\/revisions"}],"predecessor-version":[{"id":2351,"href":"https:\/\/ir.bilkent.edu.tr\/index.php?rest_route=\/wp\/v2\/pages\/2349\/revisions\/2351"}],"wp:featuredmedia":[{"embeddable":true,"href":"https:\/\/ir.bilkent.edu.tr\/index.php?rest_route=\/wp\/v2\/media\/2378"}],"wp:attachment":[{"href":"https:\/\/ir.bilkent.edu.tr\/index.php?rest_route=%2Fwp%2Fv2%2Fmedia&parent=2349"}],"curies":[{"name":"wp","href":"https:\/\/api.w.org\/{rel}","templated":true}]}}