{"id":2178,"date":"2023-12-18T17:59:02","date_gmt":"2023-12-18T14:59:02","guid":{"rendered":"https:\/\/ir.bilkent.edu.tr\/?page_id=2178"},"modified":"2023-12-18T17:59:02","modified_gmt":"2023-12-18T14:59:02","slug":"bilkent-ir-talks-murat-esenli","status":"publish","type":"page","link":"https:\/\/ir.bilkent.edu.tr\/?page_id=2178","title":{"rendered":"Bilkent IR Talks- Murat Esenli"},"content":{"rendered":"\n<p><strong>B\u00fcy\u00fckel\u00e7i Murat Esenli<\/strong><strong><\/strong><\/p>\n\n\n\n<p><strong>\u201cD\u0131\u015fi\u015fleri Bakanl\u0131\u011f\u0131nda Kariyer\u201d<\/strong><\/p>\n\n\n\n<p><strong>Tarih &amp; Saat: Aral\u0131k 19, 12:30<\/strong><strong><\/strong><\/p>\n\n\n\n<p><strong>A-130<\/strong><br><br><strong>Biyografi:<\/strong>\u00a0Say\u0131n B\u00fcy\u00fckel\u00e7imiz Murat Esenli, Bakanl\u0131\u011f\u0131m\u0131zdaki g\u00f6revine 1984 y\u0131l\u0131nda Ortado\u011fu ve Afrika Dairesinde ba\u015flam\u0131\u015ft\u0131r. \u0130lk yurtd\u0131\u015f\u0131 g\u00f6revini \u00fclkemizin Va\u015fington B\u00fcy\u00fckel\u00e7ili\u011finde tamamlayan Esenli, sonras\u0131nda BM New York Ofisi Daimi Temsilcili\u011fi ile BM Cenevre Ofisi Daimi Temsilcili\u011fi\u2019nde g\u00f6rev yapm\u0131\u015f, 2009 y\u0131l\u0131nda Pekin B\u00fcy\u00fckel\u00e7isi olarak atanm\u0131\u015ft\u0131r. Sonras\u0131nda Roma B\u00fcy\u00fckel\u00e7ili\u011fi g\u00f6revini \u00fcstlenen Esenli, halen Bakanl\u0131\u011f\u0131m\u0131zda D\u0131\u015f Politika Dan\u0131\u015fma Kurulu \u00dcyesi olarak g\u00f6rev yapmaktad\u0131r. Esenli, evli ve \u00fc\u00e7 \u00e7ocuk babas\u0131d\u0131r.<\/p>\n\n\n\n<p><strong>*Etkinlik dili T\u00fcrk\u00e7e\u2019dir.<\/strong><\/p>\n\n\n\n<p><strong>GE 250\/51.<\/strong><\/p>\n","protected":false},"excerpt":{"rendered":"<p>B\u00fcy\u00fckel\u00e7i Murat Esenli \u201cD\u0131\u015fi\u015fleri Bakanl\u0131\u011f\u0131nda Kariyer\u201d Tarih &amp; Saat: Aral\u0131k 19, 12:30 A-130 Biyografi:\u00a0Say\u0131n B\u00fcy\u00fckel\u00e7imiz Murat Esenli, Bakanl\u0131\u011f\u0131m\u0131zdaki g\u00f6revine 1984 y\u0131l\u0131nda Ortado\u011fu ve Afrika Dairesinde ba\u015flam\u0131\u015ft\u0131r. \u0130lk yurtd\u0131\u015f\u0131 g\u00f6revini \u00fclkemizin Va\u015fington B\u00fcy\u00fckel\u00e7ili\u011finde tamamlayan Esenli, sonras\u0131nda BM New York Ofisi Daimi Temsilcili\u011fi ile BM Cenevre Ofisi Daimi Temsilcili\u011fi\u2019nde g\u00f6rev yapm\u0131\u015f, 2009 y\u0131l\u0131nda Pekin B\u00fcy\u00fckel\u00e7isi olarak atanm\u0131\u015ft\u0131r.&hellip;<\/p>\n","protected":false},"author":1,"featured_media":2179,"parent":0,"menu_order":0,"comment_status":"closed","ping_status":"closed","template":"","meta":[],"_links":{"self":[{"href":"https:\/\/ir.bilkent.edu.tr\/index.php?rest_route=\/wp\/v2\/pages\/2178"}],"collection":[{"href":"https:\/\/ir.bilkent.edu.tr\/index.php?rest_route=\/wp\/v2\/pages"}],"about":[{"href":"https:\/\/ir.bilkent.edu.tr\/index.php?rest_route=\/wp\/v2\/types\/page"}],"author":[{"embeddable":true,"href":"https:\/\/ir.bilkent.edu.tr\/index.php?rest_route=\/wp\/v2\/users\/1"}],"replies":[{"embeddable":true,"href":"https:\/\/ir.bilkent.edu.tr\/index.php?rest_route=%2Fwp%2Fv2%2Fcomments&post=2178"}],"version-history":[{"count":1,"href":"https:\/\/ir.bilkent.edu.tr\/index.php?rest_route=\/wp\/v2\/pages\/2178\/revisions"}],"predecessor-version":[{"id":2180,"href":"https:\/\/ir.bilkent.edu.tr\/index.php?rest_route=\/wp\/v2\/pages\/2178\/revisions\/2180"}],"wp:featuredmedia":[{"embeddable":true,"href":"https:\/\/ir.bilkent.edu.tr\/index.php?rest_route=\/wp\/v2\/media\/2179"}],"wp:attachment":[{"href":"https:\/\/ir.bilkent.edu.tr\/index.php?rest_route=%2Fwp%2Fv2%2Fmedia&parent=2178"}],"curies":[{"name":"wp","href":"https:\/\/api.w.org\/{rel}","templated":true}]}}