{"id":190,"date":"2024-09-05T18:22:13","date_gmt":"2024-09-05T15:22:13","guid":{"rendered":"https:\/\/ir.bilkent.edu.tr\/?page_id=190"},"modified":"2026-03-02T13:53:10","modified_gmt":"2026-03-02T10:53:10","slug":"slider-pages","status":"publish","type":"page","link":"https:\/\/ir.bilkent.edu.tr\/","title":{"rendered":"\u00d6\u011fretim G\u00f6revlisi Nihai De\u011ferlendirme Sonu\u00e7 \u0130lan\u0131"},"content":{"rendered":"\n<div class=\"wp-block-file\"><a id=\"wp-block-file--media-44e0699a-3959-4021-bb35-18c5cccb862e\" href=\"https:\/\/ir.bilkent.edu.tr\/wp-content\/uploads\/2024\/09\/ON-DEGERLENDIRME-1.docx\">ON-DEGERLENDIRME-1<\/a><a href=\"https:\/\/ir.bilkent.edu.tr\/wp-content\/uploads\/2024\/09\/ON-DEGERLENDIRME-1.docx\" class=\"wp-block-file__button wp-element-button\" download aria-describedby=\"wp-block-file--media-44e0699a-3959-4021-bb35-18c5cccb862e\">Download<\/a><\/div>\n\n\n\n<p>Ayr\u0131nt\u0131l\u0131 bilgi i\u00e7in \u015fu siteyi ziyaret edebilirsiniz: <a href=\"https:\/\/pols.bilkent.edu.tr\/\" data-type=\"URL\" data-id=\"https:\/\/pols.bilkent.edu.tr\/\">https:\/\/pols.bilkent.edu.tr\/<\/a><\/p>\n","protected":false},"excerpt":{"rendered":"<p>Ayr\u0131nt\u0131l\u0131 bilgi i\u00e7in \u015fu siteyi ziyaret edebilirsiniz: https:\/\/pols.bilkent.edu.tr\/<\/p>\n","protected":false},"author":1,"featured_media":2495,"parent":0,"menu_order":0,"comment_status":"closed","ping_status":"closed","template":"","meta":[],"_links":{"self":[{"href":"https:\/\/ir.bilkent.edu.tr\/index.php?rest_route=\/wp\/v2\/pages\/190"}],"collection":[{"href":"https:\/\/ir.bilkent.edu.tr\/index.php?rest_route=\/wp\/v2\/pages"}],"about":[{"href":"https:\/\/ir.bilkent.edu.tr\/index.php?rest_route=\/wp\/v2\/types\/page"}],"author":[{"embeddable":true,"href":"https:\/\/ir.bilkent.edu.tr\/index.php?rest_route=\/wp\/v2\/users\/1"}],"replies":[{"embeddable":true,"href":"https:\/\/ir.bilkent.edu.tr\/index.php?rest_route=%2Fwp%2Fv2%2Fcomments&post=190"}],"version-history":[{"count":3,"href":"https:\/\/ir.bilkent.edu.tr\/index.php?rest_route=\/wp\/v2\/pages\/190\/revisions"}],"predecessor-version":[{"id":2504,"href":"https:\/\/ir.bilkent.edu.tr\/index.php?rest_route=\/wp\/v2\/pages\/190\/revisions\/2504"}],"wp:featuredmedia":[{"embeddable":true,"href":"https:\/\/ir.bilkent.edu.tr\/index.php?rest_route=\/wp\/v2\/media\/2495"}],"wp:attachment":[{"href":"https:\/\/ir.bilkent.edu.tr\/index.php?rest_route=%2Fwp%2Fv2%2Fmedia&parent=190"}],"curies":[{"name":"wp","href":"https:\/\/api.w.org\/{rel}","templated":true}]}}