{"id":1109,"date":"2023-05-30T14:50:05","date_gmt":"2023-05-30T11:50:05","guid":{"rendered":"https:\/\/ir.bilkent.edu.tr\/?page_id=1109"},"modified":"2023-06-07T10:01:52","modified_gmt":"2023-06-07T07:01:52","slug":"call-for-papers","status":"publish","type":"page","link":"https:\/\/ir.bilkent.edu.tr\/?page_id=1109","title":{"rendered":"Call for Papers &#8211; 12th  Eurasian Peace Science Conference"},"content":{"rendered":"\n<div class=\"wp-block-media-text alignwide is-stacked-on-mobile\"><figure class=\"wp-block-media-text__media\"><img decoding=\"async\" loading=\"lazy\" width=\"1024\" height=\"506\" src=\"https:\/\/ir.bilkent.edu.tr\/wp-content\/uploads\/2023\/05\/esbe-kirpilmis-1024x506.png\" alt=\"\" class=\"wp-image-1156 size-full\" srcset=\"https:\/\/ir.bilkent.edu.tr\/wp-content\/uploads\/2023\/05\/esbe-kirpilmis-1024x506.png 1024w, https:\/\/ir.bilkent.edu.tr\/wp-content\/uploads\/2023\/05\/esbe-kirpilmis-300x148.png 300w, https:\/\/ir.bilkent.edu.tr\/wp-content\/uploads\/2023\/05\/esbe-kirpilmis-768x379.png 768w, https:\/\/ir.bilkent.edu.tr\/wp-content\/uploads\/2023\/05\/esbe-kirpilmis.png 1185w\" sizes=\"(max-width: 1024px) 100vw, 1024px\" \/><\/figure><div class=\"wp-block-media-text__content\">\n<p>Where: Bilkent University, Ankara, Turkey <br>When: January 11-12, 2024<\/p>\n\n\n\n<p>Organized by:<\/p>\n\n\n\n<ul>\n<li>Efe Tokdemir, Asst. Prof. Bilkent University<\/li>\n\n\n\n<li>\u00d6zg\u00fcr \u00d6zdamar, Assoc. Prof. Bilkent University<\/li>\n<\/ul>\n\n\n\n<div class=\"is-layout-flex wp-block-buttons\">\n<div class=\"wp-block-button has-custom-font-size has-medium-font-size\"><a class=\"wp-block-button__link wp-element-button\" href=\"https:\/\/forms.gle\/dQJZhjqBQvBm9T9Z6\" style=\"border-radius:0px\" target=\"_blank\" rel=\"noreferrer noopener\">Submit Your Proposal<\/a><\/div>\n<\/div>\n<\/div><\/div>\n\n\n\n<div style=\"height:37px\" aria-hidden=\"true\" class=\"wp-block-spacer\"><\/div>\n\n\n\n<p>We invite proposals for the 12<sup>th<\/sup> Annual Eurasian Peace Science Conference, to be held in person on January 11-12, 2024, at Bilkent University, Ankara Turkey. The conference&#8217;s goals are to broaden cooperation and intellectual dialogue among Eurasian and global peace science scholars, and to bring together the cutting-edge research with rigorous methods on various aspects of peace science.<br><br>Proposals addressing any aspect of peace, conflict, intra and interstate security and policy making including a) empirical studies of causes and consequences of violence encompassing war, conflict, and criminal activity; b) study of foreign policy making, international organizations or alliances, foreign aid and investment, trade, and economic sanctions, as well as climate change and environmental cooperation, and c) peace science methodology and theory are welcome.<\/p>\n\n\n\n<p>The\u00a0<strong>deadline for proposal submissions is August 1<sup>st<\/sup>, 2023<\/strong>. Proposals submitted after that date will only be considered if presentation slots remain available. We will notify the successful participants by early September 2023.<\/p>\n\n\n\n<p>We look forward to welcoming you to Bilkent University in January 2024.<\/p>\n\n\n\n<div class=\"is-layout-flex wp-container-4 wp-block-columns\">\n<div class=\"is-layout-flow wp-block-column\"><div class=\"wp-block-image\">\n<figure class=\"aligncenter size-full is-resized\"><img decoding=\"async\" loading=\"lazy\" src=\"https:\/\/ir.bilkent.edu.tr\/wp-content\/uploads\/2023\/05\/image-1.png\" alt=\"\" class=\"wp-image-1110\" width=\"554\" height=\"113\" srcset=\"https:\/\/ir.bilkent.edu.tr\/wp-content\/uploads\/2023\/05\/image-1.png 650w, https:\/\/ir.bilkent.edu.tr\/wp-content\/uploads\/2023\/05\/image-1-300x61.png 300w\" sizes=\"(max-width: 554px) 100vw, 554px\" \/><\/figure><\/div><\/div>\n\n\n\n<div class=\"is-layout-flow wp-block-column\"><div class=\"wp-block-image\">\n<figure class=\"aligncenter size-full is-resized\"><img decoding=\"async\" loading=\"lazy\" src=\"https:\/\/ir.bilkent.edu.tr\/wp-content\/uploads\/2023\/05\/image-3.png\" alt=\"\" class=\"wp-image-1124\" width=\"118\" height=\"118\" srcset=\"https:\/\/ir.bilkent.edu.tr\/wp-content\/uploads\/2023\/05\/image-3.png 272w, https:\/\/ir.bilkent.edu.tr\/wp-content\/uploads\/2023\/05\/image-3-150x150.png 150w\" sizes=\"(max-width: 118px) 100vw, 118px\" \/><\/figure><\/div><\/div>\n<\/div>\n","protected":false},"excerpt":{"rendered":"<p>We invite proposals for the 12th Annual Eurasian Peace Science Conference, to be held in person on January 11-12, 2024, at Bilkent University, Ankara Turkey. The conference&#8217;s goals are to broaden cooperation and intellectual dialogue among Eurasian and global peace science scholars, and to bring together the cutting-edge research with rigorous methods on various aspects&hellip;<\/p>\n","protected":false},"author":1,"featured_media":0,"parent":0,"menu_order":0,"comment_status":"closed","ping_status":"closed","template":"","meta":[],"_links":{"self":[{"href":"https:\/\/ir.bilkent.edu.tr\/index.php?rest_route=\/wp\/v2\/pages\/1109"}],"collection":[{"href":"https:\/\/ir.bilkent.edu.tr\/index.php?rest_route=\/wp\/v2\/pages"}],"about":[{"href":"https:\/\/ir.bilkent.edu.tr\/index.php?rest_route=\/wp\/v2\/types\/page"}],"author":[{"embeddable":true,"href":"https:\/\/ir.bilkent.edu.tr\/index.php?rest_route=\/wp\/v2\/users\/1"}],"replies":[{"embeddable":true,"href":"https:\/\/ir.bilkent.edu.tr\/index.php?rest_route=%2Fwp%2Fv2%2Fcomments&post=1109"}],"version-history":[{"count":14,"href":"https:\/\/ir.bilkent.edu.tr\/index.php?rest_route=\/wp\/v2\/pages\/1109\/revisions"}],"predecessor-version":[{"id":1459,"href":"https:\/\/ir.bilkent.edu.tr\/index.php?rest_route=\/wp\/v2\/pages\/1109\/revisions\/1459"}],"wp:attachment":[{"href":"https:\/\/ir.bilkent.edu.tr\/index.php?rest_route=%2Fwp%2Fv2%2Fmedia&parent=1109"}],"curies":[{"name":"wp","href":"https:\/\/api.w.org\/{rel}","templated":true}]}}